{"id":8,"date":"2024-10-25T14:47:51","date_gmt":"2024-10-25T14:47:51","guid":{"rendered":"https:\/\/ecnbusiness.com.br\/es\/?page_id=8"},"modified":"2024-11-26T14:40:30","modified_gmt":"2024-11-26T14:40:30","slug":"que-hacemos","status":"publish","type":"page","link":"https:\/\/ecnbusiness.com.br\/es\/que-hacemos\/","title":{"rendered":"QU\u00c9 HACEMOS"},"content":{"rendered":"\t\t<div data-elementor-type=\"wp-page\" data-elementor-id=\"8\" class=\"elementor elementor-8\">\n\t\t\t\t<div class=\"elementor-element elementor-element-118cb9e1 e-flex e-con-boxed e-con e-parent\" data-id=\"118cb9e1\" data-element_type=\"container\" data-e-type=\"container\" data-settings=\"{&quot;background_background&quot;:&quot;classic&quot;}\">\n\t\t\t\t\t<div class=\"e-con-inner\">\n\t\t\t\t<div class=\"elementor-element elementor-element-7fc9faa8 elementor-widget elementor-widget-heading\" data-id=\"7fc9faa8\" data-element_type=\"widget\" data-e-type=\"widget\" data-widget_type=\"heading.default\">\n\t\t\t\t<div class=\"elementor-widget-container\">\n\t\t\t\t\t<h1 class=\"elementor-heading-title elementor-size-default\">QU\u00c9 HACEMOS<\/h1>\t\t\t\t<\/div>\n\t\t\t\t<\/div>\n\t\t<div class=\"elementor-element elementor-element-53f7ca86 e-con-full e-flex e-con e-child\" data-id=\"53f7ca86\" data-element_type=\"container\" data-e-type=\"container\" data-settings=\"{&quot;background_background&quot;:&quot;classic&quot;}\">\n\t\t\t\t<div class=\"elementor-element elementor-element-3ace2ef1 elementor-widget elementor-widget-heading\" data-id=\"3ace2ef1\" data-element_type=\"widget\" data-e-type=\"widget\" data-widget_type=\"heading.default\">\n\t\t\t\t<div class=\"elementor-widget-container\">\n\t\t\t\t\t<h2 class=\"elementor-heading-title elementor-size-default\">\u00c1REA DE NEGOCIOS<\/h2>\t\t\t\t<\/div>\n\t\t\t\t<\/div>\n\t\t\t\t<div class=\"elementor-element elementor-element-1f940dee elementor-widget elementor-widget-text-editor\" data-id=\"1f940dee\" data-element_type=\"widget\" data-e-type=\"widget\" data-widget_type=\"text-editor.default\">\n\t\t\t\t<div class=\"elementor-widget-container\">\n\t\t\t\t\t\t\t\t\t<ul><li>Adquisiciones y desinversiones de Negocios, Actividades y Empresas. Actuando como Tercero.<br \/><br \/><\/li><li>Mentor\u00edas para empresarios en momentos de negociaciones diversas, como la compra y venta de empresas, cierres de contratos, etc.<br \/>Tambi\u00e9n, apoyo con sucesiones, herencias, separaciones y disputas familiares.<br \/>Diversos tipos de intermediaci\u00f3n.<br \/><br \/><\/li><li>\u00a1Desarrollo de negocios y nuevas iniciativas!<br \/><br \/><\/li><li>Compra y venta de Clubes de F\u00fatbol y An\u00e1lisis de Riesgos.<br \/><br \/><\/li><li>Acercamientos, contactos y negociaciones con entidades gubernamentales a nivel Federal, Estatal y Municipal.<br \/><br \/><\/li><li>B\u00fasqueda de Socios Estrat\u00e9gicos, Joint Ventures, Consorcios y Socios Tecnol\u00f3gicos.<br \/><br \/><\/li><li>B\u00fasqueda y viabilizaci\u00f3n de financiamientos nacionales e internacionales.<\/li><\/ul>\t\t\t\t\t\t\t\t<\/div>\n\t\t\t\t<\/div>\n\t\t\t\t<div class=\"elementor-element elementor-element-2c1af374 elementor-widget elementor-widget-image\" data-id=\"2c1af374\" data-element_type=\"widget\" data-e-type=\"widget\" data-widget_type=\"image.default\">\n\t\t\t\t<div class=\"elementor-widget-container\">\n\t\t\t\t\t\t\t\t\t\t\t\t\t\t\t<img fetchpriority=\"high\" decoding=\"async\" width=\"673\" height=\"132\" src=\"https:\/\/ecnbusiness.com.br\/es\/wp-content\/uploads\/2024\/10\/Area-de-Negocios.jpg\" class=\"attachment-large size-large wp-image-86\" alt=\"\" srcset=\"https:\/\/ecnbusiness.com.br\/es\/wp-content\/uploads\/2024\/10\/Area-de-Negocios.jpg 673w, https:\/\/ecnbusiness.com.br\/es\/wp-content\/uploads\/2024\/10\/Area-de-Negocios-300x59.jpg 300w\" sizes=\"(max-width: 673px) 100vw, 673px\" \/>\t\t\t\t\t\t\t\t\t\t\t\t\t\t\t<\/div>\n\t\t\t\t<\/div>\n\t\t\t\t<\/div>\n\t\t\t\t<div class=\"elementor-element elementor-element-4d574de0 elementor-widget-divider--separator-type-pattern elementor-widget-divider--view-line elementor-widget elementor-widget-divider\" data-id=\"4d574de0\" data-element_type=\"widget\" data-e-type=\"widget\" data-widget_type=\"divider.default\">\n\t\t\t\t<div class=\"elementor-widget-container\">\n\t\t\t\t\t\t\t<div class=\"elementor-divider\" style=\"--divider-pattern-url: url(&quot;data:image\/svg+xml,%3Csvg xmlns=&#039;http:\/\/www.w3.org\/2000\/svg&#039; preserveAspectRatio=&#039;none&#039; overflow=&#039;visible&#039; height=&#039;100%&#039; viewBox=&#039;0 0 24 24&#039; fill=&#039;none&#039; stroke=&#039;black&#039; stroke-width=&#039;4.8&#039; stroke-linecap=&#039;square&#039; stroke-miterlimit=&#039;10&#039;%3E%3Cpolyline points=&#039;0,6 6,6 6,18 18,18 18,6 24,6 \t&#039;\/%3E%3C\/svg%3E&quot;);\">\n\t\t\t<span class=\"elementor-divider-separator\">\n\t\t\t\t\t\t<\/span>\n\t\t<\/div>\n\t\t\t\t\t\t<\/div>\n\t\t\t\t<\/div>\n\t\t<div class=\"elementor-element elementor-element-d61e541 e-con-full e-flex e-con e-child\" data-id=\"d61e541\" data-element_type=\"container\" data-e-type=\"container\" data-settings=\"{&quot;background_background&quot;:&quot;classic&quot;}\">\n\t\t\t\t<div class=\"elementor-element elementor-element-32364724 elementor-widget elementor-widget-heading\" data-id=\"32364724\" data-element_type=\"widget\" data-e-type=\"widget\" data-widget_type=\"heading.default\">\n\t\t\t\t<div class=\"elementor-widget-container\">\n\t\t\t\t\t<h2 class=\"elementor-heading-title elementor-size-default\">\u00c1REA DE CONSULTOR\u00cdAS<\/h2>\t\t\t\t<\/div>\n\t\t\t\t<\/div>\n\t\t\t\t<div class=\"elementor-element elementor-element-4f6df000 elementor-widget elementor-widget-text-editor\" data-id=\"4f6df000\" data-element_type=\"widget\" data-e-type=\"widget\" data-widget_type=\"text-editor.default\">\n\t\t\t\t<div class=\"elementor-widget-container\">\n\t\t\t\t\t\t\t\t\t<ul><li>Apoyos y ejecuci\u00f3n de investigaciones, estudios y an\u00e1lisis estrat\u00e9gicos de negocios para presidencias y consejos empresariales.<br \/><br \/><\/li><li>Estructuraci\u00f3n y Reestructuraci\u00f3n de Empresas, Actividades y Negocios.<br \/><br \/><\/li><li>Gesti\u00f3n de Empresas. \u00a1Tanto Externalizadas como Internas.<br \/><br \/><\/li><li>Gesti\u00f3n de F\u00fatbol.<br \/><br \/><\/li><li>Planificaci\u00f3n Estrat\u00e9gica, Seguimiento del Desempe\u00f1o de Presidencias, CEO, CFO, COO y Direcciones nombradas y contratadas.<br \/><br \/><\/li><li>Sucesiones. Procesos Sucesorios. Herencias empresariales.<br \/><br \/><\/li><li>Diversas mentor\u00edas, espec\u00edficas para cada necesidad, como empresariales, personales, finanzas, aplicaciones e inversiones, separaciones, herencias y disputas familiares, que cualquier actividad requiera atenci\u00f3n y apoyo.<br \/><br \/><\/li><li>Contratos generales y presupuestos personales y empresariales. C\u00e1lculos y determinaci\u00f3n de todos los costos involucrados.<\/li><\/ul>\t\t\t\t\t\t\t\t<\/div>\n\t\t\t\t<\/div>\n\t\t\t\t<div class=\"elementor-element elementor-element-7bb152d6 elementor-widget elementor-widget-image\" data-id=\"7bb152d6\" data-element_type=\"widget\" data-e-type=\"widget\" data-widget_type=\"image.default\">\n\t\t\t\t<div class=\"elementor-widget-container\">\n\t\t\t\t\t\t\t\t\t\t\t\t\t\t\t<img decoding=\"async\" width=\"671\" height=\"131\" src=\"https:\/\/ecnbusiness.com.br\/es\/wp-content\/uploads\/2024\/10\/Consultorias.jpg\" class=\"attachment-large size-large wp-image-87\" alt=\"\" srcset=\"https:\/\/ecnbusiness.com.br\/es\/wp-content\/uploads\/2024\/10\/Consultorias.jpg 671w, https:\/\/ecnbusiness.com.br\/es\/wp-content\/uploads\/2024\/10\/Consultorias-300x59.jpg 300w\" sizes=\"(max-width: 671px) 100vw, 671px\" \/>\t\t\t\t\t\t\t\t\t\t\t\t\t\t\t<\/div>\n\t\t\t\t<\/div>\n\t\t\t\t<\/div>\n\t\t<div class=\"elementor-element elementor-element-7dd6f51e e-con-full e-flex e-con e-child\" data-id=\"7dd6f51e\" data-element_type=\"container\" data-e-type=\"container\" data-settings=\"{&quot;background_background&quot;:&quot;classic&quot;}\">\n\t\t\t\t<div class=\"elementor-element elementor-element-7347618 elementor-widget elementor-widget-heading\" data-id=\"7347618\" data-element_type=\"widget\" data-e-type=\"widget\" data-widget_type=\"heading.default\">\n\t\t\t\t<div class=\"elementor-widget-container\">\n\t\t\t\t\t<h2 class=\"elementor-heading-title elementor-size-default\">SABER M\u00c1S...<\/h2>\t\t\t\t<\/div>\n\t\t\t\t<\/div>\n\t\t\t\t<div class=\"elementor-element elementor-element-15cab2b9 elementor-align-center elementor-icon-list--layout-traditional elementor-list-item-link-full_width elementor-widget elementor-widget-icon-list\" data-id=\"15cab2b9\" data-element_type=\"widget\" data-e-type=\"widget\" data-widget_type=\"icon-list.default\">\n\t\t\t\t<div class=\"elementor-widget-container\">\n\t\t\t\t\t\t\t<ul class=\"elementor-icon-list-items\">\n\t\t\t\t\t\t\t<li class=\"elementor-icon-list-item\">\n\t\t\t\t\t\t\t\t\t\t\t<a href=\"https:\/\/ecnbusiness.com.br\/es\/\" target=\"_blank\">\n\n\t\t\t\t\t\t\t\t\t\t\t\t<span class=\"elementor-icon-list-icon\">\n\t\t\t\t\t\t\t<svg aria-hidden=\"true\" class=\"e-font-icon-svg e-fas-arrow-alt-circle-right\" viewBox=\"0 0 512 512\" xmlns=\"http:\/\/www.w3.org\/2000\/svg\"><path d=\"M256 8c137 0 248 111 248 248S393 504 256 504 8 393 8 256 119 8 256 8zM140 300h116v70.9c0 10.7 13 16.1 20.5 8.5l114.3-114.9c4.7-4.7 4.7-12.2 0-16.9l-114.3-115c-7.6-7.6-20.5-2.2-20.5 8.5V212H140c-6.6 0-12 5.4-12 12v64c0 6.6 5.4 12 12 12z\"><\/path><\/svg>\t\t\t\t\t\t<\/span>\n\t\t\t\t\t\t\t\t\t\t<span class=\"elementor-icon-list-text\">NUESTRA ECN<\/span>\n\t\t\t\t\t\t\t\t\t\t\t<\/a>\n\t\t\t\t\t\t\t\t\t<\/li>\n\t\t\t\t\t\t\t\t<li class=\"elementor-icon-list-item\">\n\t\t\t\t\t\t\t\t\t\t\t<a href=\"https:\/\/ecnbusiness.com.br\/es\/mas-informacion\/\" target=\"_blank\">\n\n\t\t\t\t\t\t\t\t\t\t\t\t<span class=\"elementor-icon-list-icon\">\n\t\t\t\t\t\t\t<svg aria-hidden=\"true\" class=\"e-font-icon-svg e-fas-arrow-alt-circle-right\" viewBox=\"0 0 512 512\" xmlns=\"http:\/\/www.w3.org\/2000\/svg\"><path d=\"M256 8c137 0 248 111 248 248S393 504 256 504 8 393 8 256 119 8 256 8zM140 300h116v70.9c0 10.7 13 16.1 20.5 8.5l114.3-114.9c4.7-4.7 4.7-12.2 0-16.9l-114.3-115c-7.6-7.6-20.5-2.2-20.5 8.5V212H140c-6.6 0-12 5.4-12 12v64c0 6.6 5.4 12 12 12z\"><\/path><\/svg>\t\t\t\t\t\t<\/span>\n\t\t\t\t\t\t\t\t\t\t<span class=\"elementor-icon-list-text\">M\u00c1S INFORMACI\u00d3N<\/span>\n\t\t\t\t\t\t\t\t\t\t\t<\/a>\n\t\t\t\t\t\t\t\t\t<\/li>\n\t\t\t\t\t\t\t\t<li class=\"elementor-icon-list-item\">\n\t\t\t\t\t\t\t\t\t\t\t<a href=\"https:\/\/ecnbusiness.com.br\/es\/publicaciones\/\" target=\"_blank\">\n\n\t\t\t\t\t\t\t\t\t\t\t\t<span class=\"elementor-icon-list-icon\">\n\t\t\t\t\t\t\t<svg aria-hidden=\"true\" class=\"e-font-icon-svg e-fas-arrow-alt-circle-right\" viewBox=\"0 0 512 512\" xmlns=\"http:\/\/www.w3.org\/2000\/svg\"><path d=\"M256 8c137 0 248 111 248 248S393 504 256 504 8 393 8 256 119 8 256 8zM140 300h116v70.9c0 10.7 13 16.1 20.5 8.5l114.3-114.9c4.7-4.7 4.7-12.2 0-16.9l-114.3-115c-7.6-7.6-20.5-2.2-20.5 8.5V212H140c-6.6 0-12 5.4-12 12v64c0 6.6 5.4 12 12 12z\"><\/path><\/svg>\t\t\t\t\t\t<\/span>\n\t\t\t\t\t\t\t\t\t\t<span class=\"elementor-icon-list-text\">PUBLICACIONES<\/span>\n\t\t\t\t\t\t\t\t\t\t\t<\/a>\n\t\t\t\t\t\t\t\t\t<\/li>\n\t\t\t\t\t\t\t\t<li class=\"elementor-icon-list-item\">\n\t\t\t\t\t\t\t\t\t\t\t<a href=\"https:\/\/ecnbusiness.com.br\/es\/contacto\/\" target=\"_blank\">\n\n\t\t\t\t\t\t\t\t\t\t\t\t<span class=\"elementor-icon-list-icon\">\n\t\t\t\t\t\t\t<svg aria-hidden=\"true\" class=\"e-font-icon-svg e-fas-arrow-alt-circle-right\" viewBox=\"0 0 512 512\" xmlns=\"http:\/\/www.w3.org\/2000\/svg\"><path d=\"M256 8c137 0 248 111 248 248S393 504 256 504 8 393 8 256 119 8 256 8zM140 300h116v70.9c0 10.7 13 16.1 20.5 8.5l114.3-114.9c4.7-4.7 4.7-12.2 0-16.9l-114.3-115c-7.6-7.6-20.5-2.2-20.5 8.5V212H140c-6.6 0-12 5.4-12 12v64c0 6.6 5.4 12 12 12z\"><\/path><\/svg>\t\t\t\t\t\t<\/span>\n\t\t\t\t\t\t\t\t\t\t<span class=\"elementor-icon-list-text\">CONTACTO<\/span>\n\t\t\t\t\t\t\t\t\t\t\t<\/a>\n\t\t\t\t\t\t\t\t\t<\/li>\n\t\t\t\t\t\t<\/ul>\n\t\t\t\t\t\t<\/div>\n\t\t\t\t<\/div>\n\t\t\t\t<\/div>\n\t\t\t\t<div class=\"elementor-element elementor-element-55f35875 elementor-widget elementor-widget-image\" data-id=\"55f35875\" data-element_type=\"widget\" data-e-type=\"widget\" data-widget_type=\"image.default\">\n\t\t\t\t<div class=\"elementor-widget-container\">\n\t\t\t\t\t\t\t\t\t\t\t\t\t\t\t<img decoding=\"async\" width=\"673\" height=\"133\" src=\"https:\/\/ecnbusiness.com.br\/es\/wp-content\/uploads\/2024\/10\/Lo-que-hacemos.jpg\" class=\"attachment-large size-large wp-image-88\" alt=\"\" srcset=\"https:\/\/ecnbusiness.com.br\/es\/wp-content\/uploads\/2024\/10\/Lo-que-hacemos.jpg 673w, https:\/\/ecnbusiness.com.br\/es\/wp-content\/uploads\/2024\/10\/Lo-que-hacemos-300x59.jpg 300w\" sizes=\"(max-width: 673px) 100vw, 673px\" \/>\t\t\t\t\t\t\t\t\t\t\t\t\t\t\t<\/div>\n\t\t\t\t<\/div>\n\t\t\t\t\t<\/div>\n\t\t\t\t<\/div>\n\t\t\t\t<\/div>\n\t\t","protected":false},"excerpt":{"rendered":"<p>QU\u00c9 HACEMOS \u00c1REA DE NEGOCIOS Adquisiciones y desinversiones de Negocios, Actividades y Empresas. Actuando como Tercero. Mentor\u00edas para empresarios en momentos de negociaciones diversas, como la compra y venta de empresas, cierres de contratos, etc.Tambi\u00e9n, apoyo con sucesiones, herencias, separaciones y disputas familiares.Diversos tipos de intermediaci\u00f3n. \u00a1Desarrollo de negocios y nuevas iniciativas! Compra y venta [&hellip;]<\/p>\n","protected":false},"author":1,"featured_media":0,"parent":0,"menu_order":0,"comment_status":"closed","ping_status":"closed","template":"","meta":{"footnotes":""},"class_list":["post-8","page","type-page","status-publish","hentry"],"yoast_head":"<!-- This site is optimized with the Yoast SEO plugin v27.2 - https:\/\/yoast.com\/product\/yoast-seo-wordpress\/ -->\n<title>QU\u00c9 HACEMOS - ECN Business<\/title>\n<meta name=\"robots\" content=\"index, follow, max-snippet:-1, max-image-preview:large, max-video-preview:-1\" \/>\n<link rel=\"canonical\" href=\"https:\/\/ecnbusiness.com.br\/es\/que-hacemos\/\" \/>\n<meta property=\"og:locale\" content=\"pt_BR\" \/>\n<meta property=\"og:type\" content=\"article\" \/>\n<meta property=\"og:title\" content=\"QU\u00c9 HACEMOS - ECN Business\" \/>\n<meta property=\"og:description\" content=\"QU\u00c9 HACEMOS \u00c1REA DE NEGOCIOS Adquisiciones y desinversiones de Negocios, Actividades y Empresas. Actuando como Tercero. Mentor\u00edas para empresarios en momentos de negociaciones diversas, como la compra y venta de empresas, cierres de contratos, etc.Tambi\u00e9n, apoyo con sucesiones, herencias, separaciones y disputas familiares.Diversos tipos de intermediaci\u00f3n. \u00a1Desarrollo de negocios y nuevas iniciativas! Compra y venta [&hellip;]\" \/>\n<meta property=\"og:url\" content=\"https:\/\/ecnbusiness.com.br\/es\/que-hacemos\/\" \/>\n<meta property=\"og:site_name\" content=\"ECN Business\" \/>\n<meta property=\"article:modified_time\" content=\"2024-11-26T14:40:30+00:00\" \/>\n<meta property=\"og:image\" content=\"https:\/\/ecnbusiness.com.br\/es\/wp-content\/uploads\/2024\/10\/Area-de-Negocios.jpg\" \/>\n\t<meta property=\"og:image:width\" content=\"673\" \/>\n\t<meta property=\"og:image:height\" content=\"132\" \/>\n\t<meta property=\"og:image:type\" content=\"image\/jpeg\" \/>\n<meta name=\"twitter:card\" content=\"summary_large_image\" \/>\n<meta name=\"twitter:label1\" content=\"Est. tempo de leitura\" \/>\n\t<meta name=\"twitter:data1\" content=\"1 minuto\" \/>\n<script type=\"application\/ld+json\" class=\"yoast-schema-graph\">{\"@context\":\"https:\/\/schema.org\",\"@graph\":[{\"@type\":\"WebPage\",\"@id\":\"https:\/\/ecnbusiness.com.br\/es\/que-hacemos\/\",\"url\":\"https:\/\/ecnbusiness.com.br\/es\/que-hacemos\/\",\"name\":\"QU\u00c9 HACEMOS - ECN Business\",\"isPartOf\":{\"@id\":\"https:\/\/ecnbusiness.com.br\/es\/#website\"},\"primaryImageOfPage\":{\"@id\":\"https:\/\/ecnbusiness.com.br\/es\/que-hacemos\/#primaryimage\"},\"image\":{\"@id\":\"https:\/\/ecnbusiness.com.br\/es\/que-hacemos\/#primaryimage\"},\"thumbnailUrl\":\"https:\/\/ecnbusiness.com.br\/es\/wp-content\/uploads\/2024\/10\/Area-de-Negocios.jpg\",\"datePublished\":\"2024-10-25T14:47:51+00:00\",\"dateModified\":\"2024-11-26T14:40:30+00:00\",\"breadcrumb\":{\"@id\":\"https:\/\/ecnbusiness.com.br\/es\/que-hacemos\/#breadcrumb\"},\"inLanguage\":\"pt-BR\",\"potentialAction\":[{\"@type\":\"ReadAction\",\"target\":[\"https:\/\/ecnbusiness.com.br\/es\/que-hacemos\/\"]}]},{\"@type\":\"ImageObject\",\"inLanguage\":\"pt-BR\",\"@id\":\"https:\/\/ecnbusiness.com.br\/es\/que-hacemos\/#primaryimage\",\"url\":\"https:\/\/ecnbusiness.com.br\/es\/wp-content\/uploads\/2024\/10\/Area-de-Negocios.jpg\",\"contentUrl\":\"https:\/\/ecnbusiness.com.br\/es\/wp-content\/uploads\/2024\/10\/Area-de-Negocios.jpg\",\"width\":673,\"height\":132},{\"@type\":\"BreadcrumbList\",\"@id\":\"https:\/\/ecnbusiness.com.br\/es\/que-hacemos\/#breadcrumb\",\"itemListElement\":[{\"@type\":\"ListItem\",\"position\":1,\"name\":\"In\u00edcio\",\"item\":\"https:\/\/ecnbusiness.com.br\/es\/\"},{\"@type\":\"ListItem\",\"position\":2,\"name\":\"QU\u00c9 HACEMOS\"}]},{\"@type\":\"WebSite\",\"@id\":\"https:\/\/ecnbusiness.com.br\/es\/#website\",\"url\":\"https:\/\/ecnbusiness.com.br\/es\/\",\"name\":\"ECN Business\",\"description\":\"Empresa de Consultor\u00eda y Negocios\",\"publisher\":{\"@id\":\"https:\/\/ecnbusiness.com.br\/es\/#organization\"},\"potentialAction\":[{\"@type\":\"SearchAction\",\"target\":{\"@type\":\"EntryPoint\",\"urlTemplate\":\"https:\/\/ecnbusiness.com.br\/es\/?s={search_term_string}\"},\"query-input\":{\"@type\":\"PropertyValueSpecification\",\"valueRequired\":true,\"valueName\":\"search_term_string\"}}],\"inLanguage\":\"pt-BR\"},{\"@type\":\"Organization\",\"@id\":\"https:\/\/ecnbusiness.com.br\/es\/#organization\",\"name\":\"ECN Business\",\"url\":\"https:\/\/ecnbusiness.com.br\/es\/\",\"logo\":{\"@type\":\"ImageObject\",\"inLanguage\":\"pt-BR\",\"@id\":\"https:\/\/ecnbusiness.com.br\/es\/#\/schema\/logo\/image\/\",\"url\":\"https:\/\/ecnbusiness.com.br\/es\/wp-content\/uploads\/2024\/10\/ECN-logo-gr.png\",\"contentUrl\":\"https:\/\/ecnbusiness.com.br\/es\/wp-content\/uploads\/2024\/10\/ECN-logo-gr.png\",\"width\":696,\"height\":295,\"caption\":\"ECN Business\"},\"image\":{\"@id\":\"https:\/\/ecnbusiness.com.br\/es\/#\/schema\/logo\/image\/\"},\"sameAs\":[\"https:\/\/www.youtube.com\/@joseanibalpetraglia\",\"https:\/\/www.linkedin.com\/in\/jos-anbal-petrglia-023663252\/\"]}]}<\/script>\n<!-- \/ Yoast SEO plugin. -->","yoast_head_json":{"title":"QU\u00c9 HACEMOS - ECN Business","robots":{"index":"index","follow":"follow","max-snippet":"max-snippet:-1","max-image-preview":"max-image-preview:large","max-video-preview":"max-video-preview:-1"},"canonical":"https:\/\/ecnbusiness.com.br\/es\/que-hacemos\/","og_locale":"pt_BR","og_type":"article","og_title":"QU\u00c9 HACEMOS - ECN Business","og_description":"QU\u00c9 HACEMOS \u00c1REA DE NEGOCIOS Adquisiciones y desinversiones de Negocios, Actividades y Empresas. Actuando como Tercero. Mentor\u00edas para empresarios en momentos de negociaciones diversas, como la compra y venta de empresas, cierres de contratos, etc.Tambi\u00e9n, apoyo con sucesiones, herencias, separaciones y disputas familiares.Diversos tipos de intermediaci\u00f3n. \u00a1Desarrollo de negocios y nuevas iniciativas! Compra y venta [&hellip;]","og_url":"https:\/\/ecnbusiness.com.br\/es\/que-hacemos\/","og_site_name":"ECN Business","article_modified_time":"2024-11-26T14:40:30+00:00","og_image":[{"width":673,"height":132,"url":"https:\/\/ecnbusiness.com.br\/es\/wp-content\/uploads\/2024\/10\/Area-de-Negocios.jpg","type":"image\/jpeg"}],"twitter_card":"summary_large_image","twitter_misc":{"Est. tempo de leitura":"1 minuto"},"schema":{"@context":"https:\/\/schema.org","@graph":[{"@type":"WebPage","@id":"https:\/\/ecnbusiness.com.br\/es\/que-hacemos\/","url":"https:\/\/ecnbusiness.com.br\/es\/que-hacemos\/","name":"QU\u00c9 HACEMOS - ECN Business","isPartOf":{"@id":"https:\/\/ecnbusiness.com.br\/es\/#website"},"primaryImageOfPage":{"@id":"https:\/\/ecnbusiness.com.br\/es\/que-hacemos\/#primaryimage"},"image":{"@id":"https:\/\/ecnbusiness.com.br\/es\/que-hacemos\/#primaryimage"},"thumbnailUrl":"https:\/\/ecnbusiness.com.br\/es\/wp-content\/uploads\/2024\/10\/Area-de-Negocios.jpg","datePublished":"2024-10-25T14:47:51+00:00","dateModified":"2024-11-26T14:40:30+00:00","breadcrumb":{"@id":"https:\/\/ecnbusiness.com.br\/es\/que-hacemos\/#breadcrumb"},"inLanguage":"pt-BR","potentialAction":[{"@type":"ReadAction","target":["https:\/\/ecnbusiness.com.br\/es\/que-hacemos\/"]}]},{"@type":"ImageObject","inLanguage":"pt-BR","@id":"https:\/\/ecnbusiness.com.br\/es\/que-hacemos\/#primaryimage","url":"https:\/\/ecnbusiness.com.br\/es\/wp-content\/uploads\/2024\/10\/Area-de-Negocios.jpg","contentUrl":"https:\/\/ecnbusiness.com.br\/es\/wp-content\/uploads\/2024\/10\/Area-de-Negocios.jpg","width":673,"height":132},{"@type":"BreadcrumbList","@id":"https:\/\/ecnbusiness.com.br\/es\/que-hacemos\/#breadcrumb","itemListElement":[{"@type":"ListItem","position":1,"name":"In\u00edcio","item":"https:\/\/ecnbusiness.com.br\/es\/"},{"@type":"ListItem","position":2,"name":"QU\u00c9 HACEMOS"}]},{"@type":"WebSite","@id":"https:\/\/ecnbusiness.com.br\/es\/#website","url":"https:\/\/ecnbusiness.com.br\/es\/","name":"ECN Business","description":"Empresa de Consultor\u00eda y Negocios","publisher":{"@id":"https:\/\/ecnbusiness.com.br\/es\/#organization"},"potentialAction":[{"@type":"SearchAction","target":{"@type":"EntryPoint","urlTemplate":"https:\/\/ecnbusiness.com.br\/es\/?s={search_term_string}"},"query-input":{"@type":"PropertyValueSpecification","valueRequired":true,"valueName":"search_term_string"}}],"inLanguage":"pt-BR"},{"@type":"Organization","@id":"https:\/\/ecnbusiness.com.br\/es\/#organization","name":"ECN Business","url":"https:\/\/ecnbusiness.com.br\/es\/","logo":{"@type":"ImageObject","inLanguage":"pt-BR","@id":"https:\/\/ecnbusiness.com.br\/es\/#\/schema\/logo\/image\/","url":"https:\/\/ecnbusiness.com.br\/es\/wp-content\/uploads\/2024\/10\/ECN-logo-gr.png","contentUrl":"https:\/\/ecnbusiness.com.br\/es\/wp-content\/uploads\/2024\/10\/ECN-logo-gr.png","width":696,"height":295,"caption":"ECN Business"},"image":{"@id":"https:\/\/ecnbusiness.com.br\/es\/#\/schema\/logo\/image\/"},"sameAs":["https:\/\/www.youtube.com\/@joseanibalpetraglia","https:\/\/www.linkedin.com\/in\/jos-anbal-petrglia-023663252\/"]}]}},"_links":{"self":[{"href":"https:\/\/ecnbusiness.com.br\/es\/wp-json\/wp\/v2\/pages\/8","targetHints":{"allow":["GET"]}}],"collection":[{"href":"https:\/\/ecnbusiness.com.br\/es\/wp-json\/wp\/v2\/pages"}],"about":[{"href":"https:\/\/ecnbusiness.com.br\/es\/wp-json\/wp\/v2\/types\/page"}],"author":[{"embeddable":true,"href":"https:\/\/ecnbusiness.com.br\/es\/wp-json\/wp\/v2\/users\/1"}],"replies":[{"embeddable":true,"href":"https:\/\/ecnbusiness.com.br\/es\/wp-json\/wp\/v2\/comments?post=8"}],"version-history":[{"count":19,"href":"https:\/\/ecnbusiness.com.br\/es\/wp-json\/wp\/v2\/pages\/8\/revisions"}],"predecessor-version":[{"id":278,"href":"https:\/\/ecnbusiness.com.br\/es\/wp-json\/wp\/v2\/pages\/8\/revisions\/278"}],"wp:attachment":[{"href":"https:\/\/ecnbusiness.com.br\/es\/wp-json\/wp\/v2\/media?parent=8"}],"curies":[{"name":"wp","href":"https:\/\/api.w.org\/{rel}","templated":true}]}}