{"id":6,"date":"2024-10-25T14:47:00","date_gmt":"2024-10-25T14:47:00","guid":{"rendered":"https:\/\/ecnbusiness.com.br\/es\/?page_id=6"},"modified":"2024-11-26T14:37:02","modified_gmt":"2024-11-26T14:37:02","slug":"nuestra-ecn","status":"publish","type":"page","link":"https:\/\/ecnbusiness.com.br\/es\/nuestra-ecn\/","title":{"rendered":"NUESTRA ECN"},"content":{"rendered":"\t\t<div data-elementor-type=\"wp-page\" data-elementor-id=\"6\" class=\"elementor elementor-6\">\n\t\t\t\t<div class=\"elementor-element elementor-element-22ffa008 e-flex e-con-boxed e-con e-parent\" data-id=\"22ffa008\" data-element_type=\"container\" data-e-type=\"container\" data-settings=\"{&quot;background_background&quot;:&quot;classic&quot;}\">\n\t\t\t\t\t<div class=\"e-con-inner\">\n\t\t\t\t<div class=\"elementor-element elementor-element-77168d59 elementor-widget elementor-widget-heading\" data-id=\"77168d59\" data-element_type=\"widget\" data-e-type=\"widget\" data-widget_type=\"heading.default\">\n\t\t\t\t<div class=\"elementor-widget-container\">\n\t\t\t\t\t<h1 class=\"elementor-heading-title elementor-size-default\">NUESTRA ECN<\/h1>\t\t\t\t<\/div>\n\t\t\t\t<\/div>\n\t\t<div class=\"elementor-element elementor-element-6b885004 e-con-full e-flex e-con e-child\" data-id=\"6b885004\" data-element_type=\"container\" data-e-type=\"container\" data-settings=\"{&quot;background_background&quot;:&quot;classic&quot;}\">\n\t\t<div class=\"elementor-element elementor-element-3986924f e-con-full e-flex e-con e-child\" data-id=\"3986924f\" data-element_type=\"container\" data-e-type=\"container\" data-settings=\"{&quot;background_background&quot;:&quot;classic&quot;}\">\n\t\t<div class=\"elementor-element elementor-element-64558497 e-con-full e-flex e-con e-child\" data-id=\"64558497\" data-element_type=\"container\" data-e-type=\"container\" data-settings=\"{&quot;background_background&quot;:&quot;classic&quot;}\">\n\t\t\t\t<div class=\"elementor-element elementor-element-462ff58d elementor-widget elementor-widget-video\" data-id=\"462ff58d\" data-element_type=\"widget\" data-e-type=\"widget\" data-settings=\"{&quot;video_type&quot;:&quot;hosted&quot;,&quot;start&quot;:0,&quot;end&quot;:15,&quot;autoplay&quot;:&quot;yes&quot;,&quot;play_on_mobile&quot;:&quot;yes&quot;,&quot;mute&quot;:&quot;yes&quot;}\" data-widget_type=\"video.default\">\n\t\t\t\t<div class=\"elementor-widget-container\">\n\t\t\t\t\t\t\t<div class=\"e-hosted-video elementor-wrapper elementor-open-inline\">\n\t\t\t\t\t<video class=\"elementor-video\" src=\"https:\/\/ecnbusiness.com.br\/es\/wp-content\/uploads\/2024\/10\/ECN-Video-1-logomarca.mp4#t=,15\" autoplay=\"\" muted=\"muted\" playsinline=\"\" controlsList=\"nodownload\"><\/video>\n\t\t\t\t<\/div>\n\t\t\t\t\t\t<\/div>\n\t\t\t\t<\/div>\n\t\t\t\t<\/div>\n\t\t<div class=\"elementor-element elementor-element-139967eb e-con-full e-flex e-con e-child\" data-id=\"139967eb\" data-element_type=\"container\" data-e-type=\"container\" data-settings=\"{&quot;background_background&quot;:&quot;classic&quot;}\">\n\t\t\t\t<div class=\"elementor-element elementor-element-1b37e63c elementor-widget elementor-widget-text-editor\" data-id=\"1b37e63c\" data-element_type=\"widget\" data-e-type=\"widget\" data-widget_type=\"text-editor.default\">\n\t\t\t\t<div class=\"elementor-widget-container\">\n\t\t\t\t\t\t\t\t\t<ul><li>Es una empresa enfocada en negocios y en la obtenci\u00f3n de resultados positivos, ya sea mediante sus consultor\u00edas, su actuaci\u00f3n como negociadora experimentada o logrando \u00e9xitos reales y efectivos derivados de su intervenci\u00f3n.<br \/><br \/><\/li><li>Brinda apoyo a empresas y empresarios con mentor\u00edas amplias y espec\u00edficas para cada actividad del mercado, aclarando y orientando la mejor opci\u00f3n de decisi\u00f3n a tomar.<br \/><br \/><\/li><li>Practica constantemente la prestaci\u00f3n personalizada y diferenciada de sus servicios.<br \/><br \/><\/li><li>Comportamiento de total integridad, correcci\u00f3n y transparencia en la defensa de los intereses de sus clientes.<br \/><br \/><\/li><li>Dedicaci\u00f3n, interacci\u00f3n y complicidad permanente con quienes la contratan.<br \/><br \/><\/li><li>Presenta soluciones innovadoras, creativas y globalizadas para las circunstancias que involucran a sus clientes.<br \/><br \/><\/li><li>Es remunerada como las dem\u00e1s consultor\u00edas, pero \u2013 y principalmente \u2013 mediante tasas de \u00e9xito (\u201cSuccess Fee\u201d), con la obtenci\u00f3n de sus resultados positivos.<\/li><\/ul>\t\t\t\t\t\t\t\t<\/div>\n\t\t\t\t<\/div>\n\t\t\t\t<\/div>\n\t\t\t\t<\/div>\n\t\t\t\t<\/div>\n\t\t\t\t\t<\/div>\n\t\t\t\t<\/div>\n\t\t<div class=\"elementor-element elementor-element-25f8c565 e-flex e-con-boxed e-con e-parent\" data-id=\"25f8c565\" data-element_type=\"container\" data-e-type=\"container\">\n\t\t\t\t\t<div class=\"e-con-inner\">\n\t\t<div class=\"elementor-element elementor-element-73e63aaf e-con-full e-flex e-con e-child\" data-id=\"73e63aaf\" data-element_type=\"container\" data-e-type=\"container\" data-settings=\"{&quot;background_background&quot;:&quot;classic&quot;}\">\n\t\t\t\t<div class=\"elementor-element elementor-element-180b1639 elementor-widget elementor-widget-heading\" data-id=\"180b1639\" data-element_type=\"widget\" data-e-type=\"widget\" data-widget_type=\"heading.default\">\n\t\t\t\t<div class=\"elementor-widget-container\">\n\t\t\t\t\t<h2 class=\"elementor-heading-title elementor-size-default\">SABER M\u00c1S...<\/h2>\t\t\t\t<\/div>\n\t\t\t\t<\/div>\n\t\t\t\t<div class=\"elementor-element elementor-element-171562f8 elementor-align-center elementor-icon-list--layout-traditional elementor-list-item-link-full_width elementor-widget elementor-widget-icon-list\" data-id=\"171562f8\" data-element_type=\"widget\" data-e-type=\"widget\" data-widget_type=\"icon-list.default\">\n\t\t\t\t<div class=\"elementor-widget-container\">\n\t\t\t\t\t\t\t<ul class=\"elementor-icon-list-items\">\n\t\t\t\t\t\t\t<li class=\"elementor-icon-list-item\">\n\t\t\t\t\t\t\t\t\t\t\t<a href=\"https:\/\/ecnbusiness.com.br\/es\/que-hacemos\/\" target=\"_blank\">\n\n\t\t\t\t\t\t\t\t\t\t\t\t<span class=\"elementor-icon-list-icon\">\n\t\t\t\t\t\t\t<svg aria-hidden=\"true\" class=\"e-font-icon-svg e-fas-arrow-alt-circle-right\" viewBox=\"0 0 512 512\" xmlns=\"http:\/\/www.w3.org\/2000\/svg\"><path d=\"M256 8c137 0 248 111 248 248S393 504 256 504 8 393 8 256 119 8 256 8zM140 300h116v70.9c0 10.7 13 16.1 20.5 8.5l114.3-114.9c4.7-4.7 4.7-12.2 0-16.9l-114.3-115c-7.6-7.6-20.5-2.2-20.5 8.5V212H140c-6.6 0-12 5.4-12 12v64c0 6.6 5.4 12 12 12z\"><\/path><\/svg>\t\t\t\t\t\t<\/span>\n\t\t\t\t\t\t\t\t\t\t<span class=\"elementor-icon-list-text\">QU\u00c9 HACEMOS<\/span>\n\t\t\t\t\t\t\t\t\t\t\t<\/a>\n\t\t\t\t\t\t\t\t\t<\/li>\n\t\t\t\t\t\t\t\t<li class=\"elementor-icon-list-item\">\n\t\t\t\t\t\t\t\t\t\t\t<a href=\"https:\/\/ecnbusiness.com.br\/es\/mas-informacion\/\" target=\"_blank\">\n\n\t\t\t\t\t\t\t\t\t\t\t\t<span class=\"elementor-icon-list-icon\">\n\t\t\t\t\t\t\t<svg aria-hidden=\"true\" class=\"e-font-icon-svg e-fas-arrow-alt-circle-right\" viewBox=\"0 0 512 512\" xmlns=\"http:\/\/www.w3.org\/2000\/svg\"><path d=\"M256 8c137 0 248 111 248 248S393 504 256 504 8 393 8 256 119 8 256 8zM140 300h116v70.9c0 10.7 13 16.1 20.5 8.5l114.3-114.9c4.7-4.7 4.7-12.2 0-16.9l-114.3-115c-7.6-7.6-20.5-2.2-20.5 8.5V212H140c-6.6 0-12 5.4-12 12v64c0 6.6 5.4 12 12 12z\"><\/path><\/svg>\t\t\t\t\t\t<\/span>\n\t\t\t\t\t\t\t\t\t\t<span class=\"elementor-icon-list-text\">M\u00c1S INFORMACI\u00d3N<\/span>\n\t\t\t\t\t\t\t\t\t\t\t<\/a>\n\t\t\t\t\t\t\t\t\t<\/li>\n\t\t\t\t\t\t\t\t<li class=\"elementor-icon-list-item\">\n\t\t\t\t\t\t\t\t\t\t\t<a href=\"https:\/\/ecnbusiness.com.br\/es\/publicaciones\/\" target=\"_blank\">\n\n\t\t\t\t\t\t\t\t\t\t\t\t<span class=\"elementor-icon-list-icon\">\n\t\t\t\t\t\t\t<svg aria-hidden=\"true\" class=\"e-font-icon-svg e-fas-arrow-alt-circle-right\" viewBox=\"0 0 512 512\" xmlns=\"http:\/\/www.w3.org\/2000\/svg\"><path d=\"M256 8c137 0 248 111 248 248S393 504 256 504 8 393 8 256 119 8 256 8zM140 300h116v70.9c0 10.7 13 16.1 20.5 8.5l114.3-114.9c4.7-4.7 4.7-12.2 0-16.9l-114.3-115c-7.6-7.6-20.5-2.2-20.5 8.5V212H140c-6.6 0-12 5.4-12 12v64c0 6.6 5.4 12 12 12z\"><\/path><\/svg>\t\t\t\t\t\t<\/span>\n\t\t\t\t\t\t\t\t\t\t<span class=\"elementor-icon-list-text\">PUBLICACIONES<\/span>\n\t\t\t\t\t\t\t\t\t\t\t<\/a>\n\t\t\t\t\t\t\t\t\t<\/li>\n\t\t\t\t\t\t\t\t<li class=\"elementor-icon-list-item\">\n\t\t\t\t\t\t\t\t\t\t\t<a href=\"https:\/\/ecnbusiness.com.br\/es\/contacto\/\" target=\"_blank\">\n\n\t\t\t\t\t\t\t\t\t\t\t\t<span class=\"elementor-icon-list-icon\">\n\t\t\t\t\t\t\t<svg aria-hidden=\"true\" class=\"e-font-icon-svg e-fas-arrow-alt-circle-right\" viewBox=\"0 0 512 512\" xmlns=\"http:\/\/www.w3.org\/2000\/svg\"><path d=\"M256 8c137 0 248 111 248 248S393 504 256 504 8 393 8 256 119 8 256 8zM140 300h116v70.9c0 10.7 13 16.1 20.5 8.5l114.3-114.9c4.7-4.7 4.7-12.2 0-16.9l-114.3-115c-7.6-7.6-20.5-2.2-20.5 8.5V212H140c-6.6 0-12 5.4-12 12v64c0 6.6 5.4 12 12 12z\"><\/path><\/svg>\t\t\t\t\t\t<\/span>\n\t\t\t\t\t\t\t\t\t\t<span class=\"elementor-icon-list-text\">CONTACTO<\/span>\n\t\t\t\t\t\t\t\t\t\t\t<\/a>\n\t\t\t\t\t\t\t\t\t<\/li>\n\t\t\t\t\t\t<\/ul>\n\t\t\t\t\t\t<\/div>\n\t\t\t\t<\/div>\n\t\t\t\t<\/div>\n\t\t\t\t<div class=\"elementor-element elementor-element-4736ab48 elementor-widget elementor-widget-image\" data-id=\"4736ab48\" data-element_type=\"widget\" data-e-type=\"widget\" data-widget_type=\"image.default\">\n\t\t\t\t<div class=\"elementor-widget-container\">\n\t\t\t\t\t\t\t\t\t\t\t\t\t\t\t<img fetchpriority=\"high\" decoding=\"async\" width=\"671\" height=\"134\" src=\"https:\/\/ecnbusiness.com.br\/es\/wp-content\/uploads\/2024\/10\/Nuestra-ECN.jpg\" class=\"attachment-large size-large wp-image-96\" alt=\"\" srcset=\"https:\/\/ecnbusiness.com.br\/es\/wp-content\/uploads\/2024\/10\/Nuestra-ECN.jpg 671w, https:\/\/ecnbusiness.com.br\/es\/wp-content\/uploads\/2024\/10\/Nuestra-ECN-300x60.jpg 300w\" sizes=\"(max-width: 671px) 100vw, 671px\" \/>\t\t\t\t\t\t\t\t\t\t\t\t\t\t\t<\/div>\n\t\t\t\t<\/div>\n\t\t\t\t\t<\/div>\n\t\t\t\t<\/div>\n\t\t\t\t<\/div>\n\t\t","protected":false},"excerpt":{"rendered":"<p>NUESTRA ECN https:\/\/ecnbusiness.com.br\/es\/wp-content\/uploads\/2024\/10\/ECN-Video-1-logomarca.mp4#t=,15 Es una empresa enfocada en negocios y en la obtenci\u00f3n de resultados positivos, ya sea mediante sus consultor\u00edas, su actuaci\u00f3n como negociadora experimentada o logrando \u00e9xitos reales y efectivos derivados de su intervenci\u00f3n. Brinda apoyo a empresas y empresarios con mentor\u00edas amplias y espec\u00edficas para cada actividad del mercado, aclarando y orientando [&hellip;]<\/p>\n","protected":false},"author":1,"featured_media":0,"parent":0,"menu_order":0,"comment_status":"closed","ping_status":"closed","template":"","meta":{"footnotes":""},"class_list":["post-6","page","type-page","status-publish","hentry"],"yoast_head":"<!-- This site is optimized with the Yoast SEO plugin v27.2 - https:\/\/yoast.com\/product\/yoast-seo-wordpress\/ -->\n<title>NUESTRA ECN - ECN Business<\/title>\n<meta name=\"robots\" content=\"index, follow, max-snippet:-1, max-image-preview:large, max-video-preview:-1\" \/>\n<link rel=\"canonical\" href=\"https:\/\/ecnbusiness.com.br\/es\/nuestra-ecn\/\" \/>\n<meta property=\"og:locale\" content=\"pt_BR\" \/>\n<meta property=\"og:type\" content=\"article\" \/>\n<meta property=\"og:title\" content=\"NUESTRA ECN - ECN Business\" \/>\n<meta property=\"og:description\" content=\"NUESTRA ECN https:\/\/ecnbusiness.com.br\/es\/wp-content\/uploads\/2024\/10\/ECN-Video-1-logomarca.mp4#t=,15 Es una empresa enfocada en negocios y en la obtenci\u00f3n de resultados positivos, ya sea mediante sus consultor\u00edas, su actuaci\u00f3n como negociadora experimentada o logrando \u00e9xitos reales y efectivos derivados de su intervenci\u00f3n. Brinda apoyo a empresas y empresarios con mentor\u00edas amplias y espec\u00edficas para cada actividad del mercado, aclarando y orientando [&hellip;]\" \/>\n<meta property=\"og:url\" content=\"https:\/\/ecnbusiness.com.br\/es\/nuestra-ecn\/\" \/>\n<meta property=\"og:site_name\" content=\"ECN Business\" \/>\n<meta property=\"article:modified_time\" content=\"2024-11-26T14:37:02+00:00\" \/>\n<meta property=\"og:image\" content=\"https:\/\/ecnbusiness.com.br\/es\/wp-content\/uploads\/2024\/10\/Nuestra-ECN.jpg\" \/>\n\t<meta property=\"og:image:width\" content=\"671\" \/>\n\t<meta property=\"og:image:height\" content=\"134\" \/>\n\t<meta property=\"og:image:type\" content=\"image\/jpeg\" \/>\n<meta name=\"twitter:card\" content=\"summary_large_image\" \/>\n<meta name=\"twitter:label1\" content=\"Est. tempo de leitura\" \/>\n\t<meta name=\"twitter:data1\" content=\"1 minuto\" \/>\n<script type=\"application\/ld+json\" class=\"yoast-schema-graph\">{\"@context\":\"https:\/\/schema.org\",\"@graph\":[{\"@type\":\"WebPage\",\"@id\":\"https:\/\/ecnbusiness.com.br\/es\/nuestra-ecn\/\",\"url\":\"https:\/\/ecnbusiness.com.br\/es\/nuestra-ecn\/\",\"name\":\"NUESTRA ECN - ECN Business\",\"isPartOf\":{\"@id\":\"https:\/\/ecnbusiness.com.br\/es\/#website\"},\"primaryImageOfPage\":{\"@id\":\"https:\/\/ecnbusiness.com.br\/es\/nuestra-ecn\/#primaryimage\"},\"image\":{\"@id\":\"https:\/\/ecnbusiness.com.br\/es\/nuestra-ecn\/#primaryimage\"},\"thumbnailUrl\":\"https:\/\/ecnbusiness.com.br\/es\/wp-content\/uploads\/2024\/10\/Nuestra-ECN.jpg\",\"datePublished\":\"2024-10-25T14:47:00+00:00\",\"dateModified\":\"2024-11-26T14:37:02+00:00\",\"breadcrumb\":{\"@id\":\"https:\/\/ecnbusiness.com.br\/es\/nuestra-ecn\/#breadcrumb\"},\"inLanguage\":\"pt-BR\",\"potentialAction\":[{\"@type\":\"ReadAction\",\"target\":[\"https:\/\/ecnbusiness.com.br\/es\/nuestra-ecn\/\"]}]},{\"@type\":\"ImageObject\",\"inLanguage\":\"pt-BR\",\"@id\":\"https:\/\/ecnbusiness.com.br\/es\/nuestra-ecn\/#primaryimage\",\"url\":\"https:\/\/ecnbusiness.com.br\/es\/wp-content\/uploads\/2024\/10\/Nuestra-ECN.jpg\",\"contentUrl\":\"https:\/\/ecnbusiness.com.br\/es\/wp-content\/uploads\/2024\/10\/Nuestra-ECN.jpg\",\"width\":671,\"height\":134},{\"@type\":\"BreadcrumbList\",\"@id\":\"https:\/\/ecnbusiness.com.br\/es\/nuestra-ecn\/#breadcrumb\",\"itemListElement\":[{\"@type\":\"ListItem\",\"position\":1,\"name\":\"In\u00edcio\",\"item\":\"https:\/\/ecnbusiness.com.br\/es\/\"},{\"@type\":\"ListItem\",\"position\":2,\"name\":\"NUESTRA ECN\"}]},{\"@type\":\"WebSite\",\"@id\":\"https:\/\/ecnbusiness.com.br\/es\/#website\",\"url\":\"https:\/\/ecnbusiness.com.br\/es\/\",\"name\":\"ECN Business\",\"description\":\"Empresa de Consultor\u00eda y Negocios\",\"publisher\":{\"@id\":\"https:\/\/ecnbusiness.com.br\/es\/#organization\"},\"potentialAction\":[{\"@type\":\"SearchAction\",\"target\":{\"@type\":\"EntryPoint\",\"urlTemplate\":\"https:\/\/ecnbusiness.com.br\/es\/?s={search_term_string}\"},\"query-input\":{\"@type\":\"PropertyValueSpecification\",\"valueRequired\":true,\"valueName\":\"search_term_string\"}}],\"inLanguage\":\"pt-BR\"},{\"@type\":\"Organization\",\"@id\":\"https:\/\/ecnbusiness.com.br\/es\/#organization\",\"name\":\"ECN Business\",\"url\":\"https:\/\/ecnbusiness.com.br\/es\/\",\"logo\":{\"@type\":\"ImageObject\",\"inLanguage\":\"pt-BR\",\"@id\":\"https:\/\/ecnbusiness.com.br\/es\/#\/schema\/logo\/image\/\",\"url\":\"https:\/\/ecnbusiness.com.br\/es\/wp-content\/uploads\/2024\/10\/ECN-logo-gr.png\",\"contentUrl\":\"https:\/\/ecnbusiness.com.br\/es\/wp-content\/uploads\/2024\/10\/ECN-logo-gr.png\",\"width\":696,\"height\":295,\"caption\":\"ECN Business\"},\"image\":{\"@id\":\"https:\/\/ecnbusiness.com.br\/es\/#\/schema\/logo\/image\/\"},\"sameAs\":[\"https:\/\/www.youtube.com\/@joseanibalpetraglia\",\"https:\/\/www.linkedin.com\/in\/jos-anbal-petrglia-023663252\/\"]}]}<\/script>\n<!-- \/ Yoast SEO plugin. -->","yoast_head_json":{"title":"NUESTRA ECN - ECN Business","robots":{"index":"index","follow":"follow","max-snippet":"max-snippet:-1","max-image-preview":"max-image-preview:large","max-video-preview":"max-video-preview:-1"},"canonical":"https:\/\/ecnbusiness.com.br\/es\/nuestra-ecn\/","og_locale":"pt_BR","og_type":"article","og_title":"NUESTRA ECN - ECN Business","og_description":"NUESTRA ECN https:\/\/ecnbusiness.com.br\/es\/wp-content\/uploads\/2024\/10\/ECN-Video-1-logomarca.mp4#t=,15 Es una empresa enfocada en negocios y en la obtenci\u00f3n de resultados positivos, ya sea mediante sus consultor\u00edas, su actuaci\u00f3n como negociadora experimentada o logrando \u00e9xitos reales y efectivos derivados de su intervenci\u00f3n. Brinda apoyo a empresas y empresarios con mentor\u00edas amplias y espec\u00edficas para cada actividad del mercado, aclarando y orientando [&hellip;]","og_url":"https:\/\/ecnbusiness.com.br\/es\/nuestra-ecn\/","og_site_name":"ECN Business","article_modified_time":"2024-11-26T14:37:02+00:00","og_image":[{"width":671,"height":134,"url":"https:\/\/ecnbusiness.com.br\/es\/wp-content\/uploads\/2024\/10\/Nuestra-ECN.jpg","type":"image\/jpeg"}],"twitter_card":"summary_large_image","twitter_misc":{"Est. tempo de leitura":"1 minuto"},"schema":{"@context":"https:\/\/schema.org","@graph":[{"@type":"WebPage","@id":"https:\/\/ecnbusiness.com.br\/es\/nuestra-ecn\/","url":"https:\/\/ecnbusiness.com.br\/es\/nuestra-ecn\/","name":"NUESTRA ECN - ECN Business","isPartOf":{"@id":"https:\/\/ecnbusiness.com.br\/es\/#website"},"primaryImageOfPage":{"@id":"https:\/\/ecnbusiness.com.br\/es\/nuestra-ecn\/#primaryimage"},"image":{"@id":"https:\/\/ecnbusiness.com.br\/es\/nuestra-ecn\/#primaryimage"},"thumbnailUrl":"https:\/\/ecnbusiness.com.br\/es\/wp-content\/uploads\/2024\/10\/Nuestra-ECN.jpg","datePublished":"2024-10-25T14:47:00+00:00","dateModified":"2024-11-26T14:37:02+00:00","breadcrumb":{"@id":"https:\/\/ecnbusiness.com.br\/es\/nuestra-ecn\/#breadcrumb"},"inLanguage":"pt-BR","potentialAction":[{"@type":"ReadAction","target":["https:\/\/ecnbusiness.com.br\/es\/nuestra-ecn\/"]}]},{"@type":"ImageObject","inLanguage":"pt-BR","@id":"https:\/\/ecnbusiness.com.br\/es\/nuestra-ecn\/#primaryimage","url":"https:\/\/ecnbusiness.com.br\/es\/wp-content\/uploads\/2024\/10\/Nuestra-ECN.jpg","contentUrl":"https:\/\/ecnbusiness.com.br\/es\/wp-content\/uploads\/2024\/10\/Nuestra-ECN.jpg","width":671,"height":134},{"@type":"BreadcrumbList","@id":"https:\/\/ecnbusiness.com.br\/es\/nuestra-ecn\/#breadcrumb","itemListElement":[{"@type":"ListItem","position":1,"name":"In\u00edcio","item":"https:\/\/ecnbusiness.com.br\/es\/"},{"@type":"ListItem","position":2,"name":"NUESTRA ECN"}]},{"@type":"WebSite","@id":"https:\/\/ecnbusiness.com.br\/es\/#website","url":"https:\/\/ecnbusiness.com.br\/es\/","name":"ECN Business","description":"Empresa de Consultor\u00eda y Negocios","publisher":{"@id":"https:\/\/ecnbusiness.com.br\/es\/#organization"},"potentialAction":[{"@type":"SearchAction","target":{"@type":"EntryPoint","urlTemplate":"https:\/\/ecnbusiness.com.br\/es\/?s={search_term_string}"},"query-input":{"@type":"PropertyValueSpecification","valueRequired":true,"valueName":"search_term_string"}}],"inLanguage":"pt-BR"},{"@type":"Organization","@id":"https:\/\/ecnbusiness.com.br\/es\/#organization","name":"ECN Business","url":"https:\/\/ecnbusiness.com.br\/es\/","logo":{"@type":"ImageObject","inLanguage":"pt-BR","@id":"https:\/\/ecnbusiness.com.br\/es\/#\/schema\/logo\/image\/","url":"https:\/\/ecnbusiness.com.br\/es\/wp-content\/uploads\/2024\/10\/ECN-logo-gr.png","contentUrl":"https:\/\/ecnbusiness.com.br\/es\/wp-content\/uploads\/2024\/10\/ECN-logo-gr.png","width":696,"height":295,"caption":"ECN Business"},"image":{"@id":"https:\/\/ecnbusiness.com.br\/es\/#\/schema\/logo\/image\/"},"sameAs":["https:\/\/www.youtube.com\/@joseanibalpetraglia","https:\/\/www.linkedin.com\/in\/jos-anbal-petrglia-023663252\/"]}]}},"_links":{"self":[{"href":"https:\/\/ecnbusiness.com.br\/es\/wp-json\/wp\/v2\/pages\/6","targetHints":{"allow":["GET"]}}],"collection":[{"href":"https:\/\/ecnbusiness.com.br\/es\/wp-json\/wp\/v2\/pages"}],"about":[{"href":"https:\/\/ecnbusiness.com.br\/es\/wp-json\/wp\/v2\/types\/page"}],"author":[{"embeddable":true,"href":"https:\/\/ecnbusiness.com.br\/es\/wp-json\/wp\/v2\/users\/1"}],"replies":[{"embeddable":true,"href":"https:\/\/ecnbusiness.com.br\/es\/wp-json\/wp\/v2\/comments?post=6"}],"version-history":[{"count":22,"href":"https:\/\/ecnbusiness.com.br\/es\/wp-json\/wp\/v2\/pages\/6\/revisions"}],"predecessor-version":[{"id":272,"href":"https:\/\/ecnbusiness.com.br\/es\/wp-json\/wp\/v2\/pages\/6\/revisions\/272"}],"wp:attachment":[{"href":"https:\/\/ecnbusiness.com.br\/es\/wp-json\/wp\/v2\/media?parent=6"}],"curies":[{"name":"wp","href":"https:\/\/api.w.org\/{rel}","templated":true}]}}