{"id":14,"date":"2024-10-25T14:49:07","date_gmt":"2024-10-25T14:49:07","guid":{"rendered":"https:\/\/ecnbusiness.com.br\/es\/?page_id=14"},"modified":"2026-03-27T17:17:26","modified_gmt":"2026-03-27T17:17:26","slug":"contacto","status":"publish","type":"page","link":"https:\/\/ecnbusiness.com.br\/es\/contacto\/","title":{"rendered":"CONTACTO"},"content":{"rendered":"\t\t<div data-elementor-type=\"wp-page\" data-elementor-id=\"14\" class=\"elementor elementor-14\">\n\t\t\t\t<div class=\"elementor-element elementor-element-6c2683ca e-flex e-con-boxed e-con e-parent\" data-id=\"6c2683ca\" data-element_type=\"container\" data-e-type=\"container\" data-settings=\"{&quot;background_background&quot;:&quot;classic&quot;}\">\n\t\t\t\t\t<div class=\"e-con-inner\">\n\t\t\t\t<div class=\"elementor-element elementor-element-7681db3a elementor-widget elementor-widget-heading\" data-id=\"7681db3a\" data-element_type=\"widget\" data-e-type=\"widget\" data-widget_type=\"heading.default\">\n\t\t\t\t<div class=\"elementor-widget-container\">\n\t\t\t\t\t<h1 class=\"elementor-heading-title elementor-size-default\">CONTACTOS<\/h1>\t\t\t\t<\/div>\n\t\t\t\t<\/div>\n\t\t<div class=\"elementor-element elementor-element-340df43b e-con-full e-flex e-con e-child\" data-id=\"340df43b\" data-element_type=\"container\" data-e-type=\"container\">\n\t\t<div class=\"elementor-element elementor-element-2eadea8a e-con-full e-flex e-con e-child\" data-id=\"2eadea8a\" data-element_type=\"container\" data-e-type=\"container\" data-settings=\"{&quot;background_background&quot;:&quot;classic&quot;}\">\n\t\t<div class=\"elementor-element elementor-element-3f5f9745 e-con-full e-flex e-con e-child\" data-id=\"3f5f9745\" data-element_type=\"container\" data-e-type=\"container\" data-settings=\"{&quot;background_background&quot;:&quot;classic&quot;}\">\n\t\t\t\t<div class=\"elementor-element elementor-element-31103055 elementor-widget elementor-widget-text-editor\" data-id=\"31103055\" data-element_type=\"widget\" data-e-type=\"widget\" data-widget_type=\"text-editor.default\">\n\t\t\t\t<div class=\"elementor-widget-container\">\n\t\t\t\t\t\t\t\t\t<p>CNPJ: 02.321.802\/0001-29<\/p><p>Direcci\u00f3n: Rua Paulo Olympio Matheus, 61.<br \/>Condominio Portal das Arauc\u00e1rias<br \/>Araraquara SP.<\/p><p>Responsable: Jos\u00e9 An\u00edbal Petraglia<\/p><p><strong><img decoding=\"async\" class=\"alignnone wp-image-103\" src=\"https:\/\/ecnbusiness.com.br\/wp-content\/uploads\/2024\/09\/whatsapp-logo-1-300x300.png\" sizes=\"(max-width: 25px) 100vw, 25px\" srcset=\"https:\/\/ecnbusiness.com.br\/wp-content\/uploads\/2024\/09\/whatsapp-logo-1-300x300.png 300w, https:\/\/ecnbusiness.com.br\/wp-content\/uploads\/2024\/09\/whatsapp-logo-1-150x150.png 150w, https:\/\/ecnbusiness.com.br\/wp-content\/uploads\/2024\/09\/whatsapp-logo-1.png 512w\" alt=\"\" width=\"25\" height=\"25\" \/>\u00a0 <a href=\"https:\/\/wa.me\/5516997871215\" target=\"_blank\" rel=\"noopener\">16 9 9787 1215<\/a><\/strong><br \/><strong><img decoding=\"async\" class=\"alignnone wp-image-103\" src=\"https:\/\/ecnbusiness.com.br\/wp-content\/uploads\/2024\/09\/whatsapp-logo-1-300x300.png\" sizes=\"(max-width: 25px) 100vw, 25px\" srcset=\"https:\/\/ecnbusiness.com.br\/wp-content\/uploads\/2024\/09\/whatsapp-logo-1-300x300.png 300w, https:\/\/ecnbusiness.com.br\/wp-content\/uploads\/2024\/09\/whatsapp-logo-1-150x150.png 150w, https:\/\/ecnbusiness.com.br\/wp-content\/uploads\/2024\/09\/whatsapp-logo-1.png 512w\" alt=\"\" width=\"25\" height=\"25\" \/>\u00a0 <a href=\"https:\/\/wa.me\/5516997791216\" target=\"_blank\" rel=\"noopener\">16 9 9779 1216 <\/a><\/strong><br \/><strong><img decoding=\"async\" class=\"alignnone wp-image-103\" src=\"https:\/\/ecnbusiness.com.br\/wp-content\/uploads\/2024\/09\/whatsapp-logo-1-300x300.png\" sizes=\"(max-width: 25px) 100vw, 25px\" srcset=\"https:\/\/ecnbusiness.com.br\/wp-content\/uploads\/2024\/09\/whatsapp-logo-1-300x300.png 300w, https:\/\/ecnbusiness.com.br\/wp-content\/uploads\/2024\/09\/whatsapp-logo-1-150x150.png 150w, https:\/\/ecnbusiness.com.br\/wp-content\/uploads\/2024\/09\/whatsapp-logo-1.png 512w\" alt=\"\" width=\"25\" height=\"25\" \/>\u00a0 <a href=\"https:\/\/wa.me\/5522992617227\" target=\"_blank\" rel=\"noopener\">22 9\u00a0<\/a><\/strong><strong><a href=\"https:\/\/wa.me\/5522992617227\" target=\"_blank\" rel=\"noopener\">9261 7227<\/a><br \/><\/strong><strong><img decoding=\"async\" class=\"wp-image-824 alignnone\" src=\"https:\/\/ecnbusiness.com.br\/wp-content\/uploads\/2024\/09\/ECN-Telefone-300x300.png\" alt=\"\" width=\"23\" height=\"23\" \/> \u00a0<a href=\"tel:+551633351863\">16 3335 1863<\/a><\/strong><\/p>\t\t\t\t\t\t\t\t<\/div>\n\t\t\t\t<\/div>\n\t\t\t\t<\/div>\n\t\t<div class=\"elementor-element elementor-element-2a40e32a e-con-full e-flex e-con e-child\" data-id=\"2a40e32a\" data-element_type=\"container\" data-e-type=\"container\" data-settings=\"{&quot;background_background&quot;:&quot;classic&quot;}\">\n\t\t\t\t<div class=\"elementor-element elementor-element-78b4d145 elementor-widget elementor-widget-google_maps\" data-id=\"78b4d145\" data-element_type=\"widget\" data-e-type=\"widget\" data-widget_type=\"google_maps.default\">\n\t\t\t\t<div class=\"elementor-widget-container\">\n\t\t\t\t\t\t\t<div class=\"elementor-custom-embed\">\n\t\t\t<iframe loading=\"lazy\"\n\t\t\t\t\tsrc=\"https:\/\/maps.google.com\/maps?q=Rua%20Paulo%20Olympio%20Matheus%2C%2061.%20Condom%C3%ADnio%20Portal%20das%20Arauc%C3%A1rias%20Araraquara%20SP.&#038;t=m&#038;z=15&#038;output=embed&#038;iwloc=near\"\n\t\t\t\t\ttitle=\"Rua Paulo Olympio Matheus, 61. Condom\u00ednio Portal das Arauc\u00e1rias Araraquara SP.\"\n\t\t\t\t\taria-label=\"Rua Paulo Olympio Matheus, 61. Condom\u00ednio Portal das Arauc\u00e1rias Araraquara SP.\"\n\t\t\t><\/iframe>\n\t\t<\/div>\n\t\t\t\t\t\t<\/div>\n\t\t\t\t<\/div>\n\t\t\t\t<\/div>\n\t\t\t\t<\/div>\n\t\t\t\t<div class=\"elementor-element elementor-element-769d5c4f elementor-position-top elementor-widget elementor-widget-image-box\" data-id=\"769d5c4f\" data-element_type=\"widget\" data-e-type=\"widget\" data-widget_type=\"image-box.default\">\n\t\t\t\t<div class=\"elementor-widget-container\">\n\t\t\t\t\t<div class=\"elementor-image-box-wrapper\"><figure class=\"elementor-image-box-img\"><img fetchpriority=\"high\" decoding=\"async\" width=\"300\" height=\"300\" src=\"https:\/\/ecnbusiness.com.br\/es\/wp-content\/uploads\/2026\/03\/1-300x300.png\" class=\"attachment-medium size-medium wp-image-303\" alt=\"\" srcset=\"https:\/\/ecnbusiness.com.br\/es\/wp-content\/uploads\/2026\/03\/1-300x300.png 300w, https:\/\/ecnbusiness.com.br\/es\/wp-content\/uploads\/2026\/03\/1-150x150.png 150w, https:\/\/ecnbusiness.com.br\/es\/wp-content\/uploads\/2026\/03\/1.png 500w\" sizes=\"(max-width: 300px) 100vw, 300px\" \/><\/figure><div class=\"elementor-image-box-content\"><h3 class=\"elementor-image-box-title\">Desde 1998<\/h3><p class=\"elementor-image-box-description\">26 a\u00f1os operando en las \u00e1reas de Consultor\u00edas y Negocios<\/p><\/div><\/div>\t\t\t\t<\/div>\n\t\t\t\t<\/div>\n\t\t\t\t<\/div>\n\t\t<div class=\"elementor-element elementor-element-44dbe9a4 e-con-full e-flex e-con e-child\" data-id=\"44dbe9a4\" data-element_type=\"container\" data-e-type=\"container\" data-settings=\"{&quot;background_background&quot;:&quot;classic&quot;}\">\n\t\t\t\t<div class=\"elementor-element elementor-element-1f5bc87e elementor-widget elementor-widget-heading\" data-id=\"1f5bc87e\" data-element_type=\"widget\" data-e-type=\"widget\" data-widget_type=\"heading.default\">\n\t\t\t\t<div class=\"elementor-widget-container\">\n\t\t\t\t\t<h2 class=\"elementor-heading-title elementor-size-default\">SABER M\u00c1S...<\/h2>\t\t\t\t<\/div>\n\t\t\t\t<\/div>\n\t\t\t\t<div class=\"elementor-element elementor-element-15ceb4f8 elementor-align-center elementor-icon-list--layout-traditional elementor-list-item-link-full_width elementor-widget elementor-widget-icon-list\" data-id=\"15ceb4f8\" data-element_type=\"widget\" data-e-type=\"widget\" data-widget_type=\"icon-list.default\">\n\t\t\t\t<div class=\"elementor-widget-container\">\n\t\t\t\t\t\t\t<ul class=\"elementor-icon-list-items\">\n\t\t\t\t\t\t\t<li class=\"elementor-icon-list-item\">\n\t\t\t\t\t\t\t\t\t\t\t<a href=\"https:\/\/ecnbusiness.com.br\/es\/\" target=\"_blank\">\n\n\t\t\t\t\t\t\t\t\t\t\t\t<span class=\"elementor-icon-list-icon\">\n\t\t\t\t\t\t\t<svg aria-hidden=\"true\" class=\"e-font-icon-svg e-fas-arrow-alt-circle-right\" viewBox=\"0 0 512 512\" xmlns=\"http:\/\/www.w3.org\/2000\/svg\"><path d=\"M256 8c137 0 248 111 248 248S393 504 256 504 8 393 8 256 119 8 256 8zM140 300h116v70.9c0 10.7 13 16.1 20.5 8.5l114.3-114.9c4.7-4.7 4.7-12.2 0-16.9l-114.3-115c-7.6-7.6-20.5-2.2-20.5 8.5V212H140c-6.6 0-12 5.4-12 12v64c0 6.6 5.4 12 12 12z\"><\/path><\/svg>\t\t\t\t\t\t<\/span>\n\t\t\t\t\t\t\t\t\t\t<span class=\"elementor-icon-list-text\">NUESTRA ECN<\/span>\n\t\t\t\t\t\t\t\t\t\t\t<\/a>\n\t\t\t\t\t\t\t\t\t<\/li>\n\t\t\t\t\t\t\t\t<li class=\"elementor-icon-list-item\">\n\t\t\t\t\t\t\t\t\t\t\t<a href=\"https:\/\/ecnbusiness.com.br\/es\/que-hacemos\/\" target=\"_blank\">\n\n\t\t\t\t\t\t\t\t\t\t\t\t<span class=\"elementor-icon-list-icon\">\n\t\t\t\t\t\t\t<svg aria-hidden=\"true\" class=\"e-font-icon-svg e-fas-arrow-alt-circle-right\" viewBox=\"0 0 512 512\" xmlns=\"http:\/\/www.w3.org\/2000\/svg\"><path d=\"M256 8c137 0 248 111 248 248S393 504 256 504 8 393 8 256 119 8 256 8zM140 300h116v70.9c0 10.7 13 16.1 20.5 8.5l114.3-114.9c4.7-4.7 4.7-12.2 0-16.9l-114.3-115c-7.6-7.6-20.5-2.2-20.5 8.5V212H140c-6.6 0-12 5.4-12 12v64c0 6.6 5.4 12 12 12z\"><\/path><\/svg>\t\t\t\t\t\t<\/span>\n\t\t\t\t\t\t\t\t\t\t<span class=\"elementor-icon-list-text\">QU\u00c9 HACEMOS<\/span>\n\t\t\t\t\t\t\t\t\t\t\t<\/a>\n\t\t\t\t\t\t\t\t\t<\/li>\n\t\t\t\t\t\t\t\t<li class=\"elementor-icon-list-item\">\n\t\t\t\t\t\t\t\t\t\t\t<a href=\"https:\/\/ecnbusiness.com.br\/es\/mas-informacion\/\" target=\"_blank\">\n\n\t\t\t\t\t\t\t\t\t\t\t\t<span class=\"elementor-icon-list-icon\">\n\t\t\t\t\t\t\t<svg aria-hidden=\"true\" class=\"e-font-icon-svg e-fas-arrow-alt-circle-right\" viewBox=\"0 0 512 512\" xmlns=\"http:\/\/www.w3.org\/2000\/svg\"><path d=\"M256 8c137 0 248 111 248 248S393 504 256 504 8 393 8 256 119 8 256 8zM140 300h116v70.9c0 10.7 13 16.1 20.5 8.5l114.3-114.9c4.7-4.7 4.7-12.2 0-16.9l-114.3-115c-7.6-7.6-20.5-2.2-20.5 8.5V212H140c-6.6 0-12 5.4-12 12v64c0 6.6 5.4 12 12 12z\"><\/path><\/svg>\t\t\t\t\t\t<\/span>\n\t\t\t\t\t\t\t\t\t\t<span class=\"elementor-icon-list-text\">M\u00c1S INFORMACI\u00d3N<\/span>\n\t\t\t\t\t\t\t\t\t\t\t<\/a>\n\t\t\t\t\t\t\t\t\t<\/li>\n\t\t\t\t\t\t\t\t<li class=\"elementor-icon-list-item\">\n\t\t\t\t\t\t\t\t\t\t\t<a href=\"https:\/\/ecnbusiness.com.br\/es\/publicaciones\/\" target=\"_blank\">\n\n\t\t\t\t\t\t\t\t\t\t\t\t<span class=\"elementor-icon-list-icon\">\n\t\t\t\t\t\t\t<svg aria-hidden=\"true\" class=\"e-font-icon-svg e-fas-arrow-alt-circle-right\" viewBox=\"0 0 512 512\" xmlns=\"http:\/\/www.w3.org\/2000\/svg\"><path d=\"M256 8c137 0 248 111 248 248S393 504 256 504 8 393 8 256 119 8 256 8zM140 300h116v70.9c0 10.7 13 16.1 20.5 8.5l114.3-114.9c4.7-4.7 4.7-12.2 0-16.9l-114.3-115c-7.6-7.6-20.5-2.2-20.5 8.5V212H140c-6.6 0-12 5.4-12 12v64c0 6.6 5.4 12 12 12z\"><\/path><\/svg>\t\t\t\t\t\t<\/span>\n\t\t\t\t\t\t\t\t\t\t<span class=\"elementor-icon-list-text\">PUBLICACIONES<\/span>\n\t\t\t\t\t\t\t\t\t\t\t<\/a>\n\t\t\t\t\t\t\t\t\t<\/li>\n\t\t\t\t\t\t<\/ul>\n\t\t\t\t\t\t<\/div>\n\t\t\t\t<\/div>\n\t\t\t\t<\/div>\n\t\t\t\t<div class=\"elementor-element elementor-element-216ab4b2 elementor-widget elementor-widget-image\" data-id=\"216ab4b2\" data-element_type=\"widget\" data-e-type=\"widget\" data-widget_type=\"image.default\">\n\t\t\t\t<div class=\"elementor-widget-container\">\n\t\t\t\t\t\t\t\t\t\t\t\t\t\t\t<img loading=\"lazy\" decoding=\"async\" width=\"672\" height=\"133\" src=\"https:\/\/ecnbusiness.com.br\/es\/wp-content\/uploads\/2024\/10\/Contactos.jpg\" class=\"attachment-large size-large wp-image-103\" alt=\"\" srcset=\"https:\/\/ecnbusiness.com.br\/es\/wp-content\/uploads\/2024\/10\/Contactos.jpg 672w, https:\/\/ecnbusiness.com.br\/es\/wp-content\/uploads\/2024\/10\/Contactos-300x59.jpg 300w\" sizes=\"(max-width: 672px) 100vw, 672px\" \/>\t\t\t\t\t\t\t\t\t\t\t\t\t\t\t<\/div>\n\t\t\t\t<\/div>\n\t\t\t\t\t<\/div>\n\t\t\t\t<\/div>\n\t\t\t\t<\/div>\n\t\t","protected":false},"excerpt":{"rendered":"<p>CONTACTOS CNPJ: 02.321.802\/0001-29 Direcci\u00f3n: Rua Paulo Olympio Matheus, 61.Condominio Portal das Arauc\u00e1riasAraraquara SP. Responsable: Jos\u00e9 An\u00edbal Petraglia \u00a0 16 9 9787 1215\u00a0 16 9 9779 1216 \u00a0 22 9\u00a09261 7227 \u00a016 3335 1863 Desde 1998 26 a\u00f1os operando en las \u00e1reas de Consultor\u00edas y Negocios SABER M\u00c1S&#8230; NUESTRA ECN QU\u00c9 HACEMOS M\u00c1S INFORMACI\u00d3N PUBLICACIONES<\/p>\n","protected":false},"author":1,"featured_media":0,"parent":0,"menu_order":0,"comment_status":"closed","ping_status":"closed","template":"","meta":{"footnotes":""},"class_list":["post-14","page","type-page","status-publish","hentry"],"yoast_head":"<!-- This site is optimized with the Yoast SEO plugin v27.2 - https:\/\/yoast.com\/product\/yoast-seo-wordpress\/ -->\n<title>CONTACTO - ECN Business<\/title>\n<meta name=\"robots\" content=\"index, follow, max-snippet:-1, max-image-preview:large, max-video-preview:-1\" \/>\n<link rel=\"canonical\" href=\"https:\/\/ecnbusiness.com.br\/es\/contacto\/\" \/>\n<meta property=\"og:locale\" content=\"pt_BR\" \/>\n<meta property=\"og:type\" content=\"article\" \/>\n<meta property=\"og:title\" content=\"CONTACTO - ECN Business\" \/>\n<meta property=\"og:description\" content=\"CONTACTOS CNPJ: 02.321.802\/0001-29 Direcci\u00f3n: Rua Paulo Olympio Matheus, 61.Condominio Portal das Arauc\u00e1riasAraraquara SP. Responsable: Jos\u00e9 An\u00edbal Petraglia \u00a0 16 9 9787 1215\u00a0 16 9 9779 1216 \u00a0 22 9\u00a09261 7227 \u00a016 3335 1863 Desde 1998 26 a\u00f1os operando en las \u00e1reas de Consultor\u00edas y Negocios SABER M\u00c1S&#8230; NUESTRA ECN QU\u00c9 HACEMOS M\u00c1S INFORMACI\u00d3N PUBLICACIONES\" \/>\n<meta property=\"og:url\" content=\"https:\/\/ecnbusiness.com.br\/es\/contacto\/\" \/>\n<meta property=\"og:site_name\" content=\"ECN Business\" \/>\n<meta property=\"article:modified_time\" content=\"2026-03-27T17:17:26+00:00\" \/>\n<meta property=\"og:image\" content=\"https:\/\/ecnbusiness.com.br\/es\/wp-content\/uploads\/2024\/10\/Contactos.jpg\" \/>\n\t<meta property=\"og:image:width\" content=\"672\" \/>\n\t<meta property=\"og:image:height\" content=\"133\" \/>\n\t<meta property=\"og:image:type\" content=\"image\/jpeg\" \/>\n<meta name=\"twitter:card\" content=\"summary_large_image\" \/>\n<meta name=\"twitter:label1\" content=\"Est. tempo de leitura\" \/>\n\t<meta name=\"twitter:data1\" content=\"2 minutos\" \/>\n<script type=\"application\/ld+json\" class=\"yoast-schema-graph\">{\"@context\":\"https:\/\/schema.org\",\"@graph\":[{\"@type\":\"WebPage\",\"@id\":\"https:\/\/ecnbusiness.com.br\/es\/contacto\/\",\"url\":\"https:\/\/ecnbusiness.com.br\/es\/contacto\/\",\"name\":\"CONTACTO - ECN Business\",\"isPartOf\":{\"@id\":\"https:\/\/ecnbusiness.com.br\/es\/#website\"},\"primaryImageOfPage\":{\"@id\":\"https:\/\/ecnbusiness.com.br\/es\/contacto\/#primaryimage\"},\"image\":{\"@id\":\"https:\/\/ecnbusiness.com.br\/es\/contacto\/#primaryimage\"},\"thumbnailUrl\":\"https:\/\/ecnbusiness.com.br\/wp-content\/uploads\/2024\/09\/whatsapp-logo-1-300x300.png\",\"datePublished\":\"2024-10-25T14:49:07+00:00\",\"dateModified\":\"2026-03-27T17:17:26+00:00\",\"breadcrumb\":{\"@id\":\"https:\/\/ecnbusiness.com.br\/es\/contacto\/#breadcrumb\"},\"inLanguage\":\"pt-BR\",\"potentialAction\":[{\"@type\":\"ReadAction\",\"target\":[\"https:\/\/ecnbusiness.com.br\/es\/contacto\/\"]}]},{\"@type\":\"ImageObject\",\"inLanguage\":\"pt-BR\",\"@id\":\"https:\/\/ecnbusiness.com.br\/es\/contacto\/#primaryimage\",\"url\":\"https:\/\/ecnbusiness.com.br\/wp-content\/uploads\/2024\/09\/whatsapp-logo-1-300x300.png\",\"contentUrl\":\"https:\/\/ecnbusiness.com.br\/wp-content\/uploads\/2024\/09\/whatsapp-logo-1-300x300.png\"},{\"@type\":\"BreadcrumbList\",\"@id\":\"https:\/\/ecnbusiness.com.br\/es\/contacto\/#breadcrumb\",\"itemListElement\":[{\"@type\":\"ListItem\",\"position\":1,\"name\":\"In\u00edcio\",\"item\":\"https:\/\/ecnbusiness.com.br\/es\/\"},{\"@type\":\"ListItem\",\"position\":2,\"name\":\"CONTACTO\"}]},{\"@type\":\"WebSite\",\"@id\":\"https:\/\/ecnbusiness.com.br\/es\/#website\",\"url\":\"https:\/\/ecnbusiness.com.br\/es\/\",\"name\":\"ECN Business\",\"description\":\"Empresa de Consultor\u00eda y Negocios\",\"publisher\":{\"@id\":\"https:\/\/ecnbusiness.com.br\/es\/#organization\"},\"potentialAction\":[{\"@type\":\"SearchAction\",\"target\":{\"@type\":\"EntryPoint\",\"urlTemplate\":\"https:\/\/ecnbusiness.com.br\/es\/?s={search_term_string}\"},\"query-input\":{\"@type\":\"PropertyValueSpecification\",\"valueRequired\":true,\"valueName\":\"search_term_string\"}}],\"inLanguage\":\"pt-BR\"},{\"@type\":\"Organization\",\"@id\":\"https:\/\/ecnbusiness.com.br\/es\/#organization\",\"name\":\"ECN Business\",\"url\":\"https:\/\/ecnbusiness.com.br\/es\/\",\"logo\":{\"@type\":\"ImageObject\",\"inLanguage\":\"pt-BR\",\"@id\":\"https:\/\/ecnbusiness.com.br\/es\/#\/schema\/logo\/image\/\",\"url\":\"https:\/\/ecnbusiness.com.br\/es\/wp-content\/uploads\/2024\/10\/ECN-logo-gr.png\",\"contentUrl\":\"https:\/\/ecnbusiness.com.br\/es\/wp-content\/uploads\/2024\/10\/ECN-logo-gr.png\",\"width\":696,\"height\":295,\"caption\":\"ECN Business\"},\"image\":{\"@id\":\"https:\/\/ecnbusiness.com.br\/es\/#\/schema\/logo\/image\/\"},\"sameAs\":[\"https:\/\/www.youtube.com\/@joseanibalpetraglia\",\"https:\/\/www.linkedin.com\/in\/jos-anbal-petrglia-023663252\/\"]}]}<\/script>\n<!-- \/ Yoast SEO plugin. -->","yoast_head_json":{"title":"CONTACTO - ECN Business","robots":{"index":"index","follow":"follow","max-snippet":"max-snippet:-1","max-image-preview":"max-image-preview:large","max-video-preview":"max-video-preview:-1"},"canonical":"https:\/\/ecnbusiness.com.br\/es\/contacto\/","og_locale":"pt_BR","og_type":"article","og_title":"CONTACTO - ECN Business","og_description":"CONTACTOS CNPJ: 02.321.802\/0001-29 Direcci\u00f3n: Rua Paulo Olympio Matheus, 61.Condominio Portal das Arauc\u00e1riasAraraquara SP. Responsable: Jos\u00e9 An\u00edbal Petraglia \u00a0 16 9 9787 1215\u00a0 16 9 9779 1216 \u00a0 22 9\u00a09261 7227 \u00a016 3335 1863 Desde 1998 26 a\u00f1os operando en las \u00e1reas de Consultor\u00edas y Negocios SABER M\u00c1S&#8230; NUESTRA ECN QU\u00c9 HACEMOS M\u00c1S INFORMACI\u00d3N PUBLICACIONES","og_url":"https:\/\/ecnbusiness.com.br\/es\/contacto\/","og_site_name":"ECN Business","article_modified_time":"2026-03-27T17:17:26+00:00","og_image":[{"width":672,"height":133,"url":"https:\/\/ecnbusiness.com.br\/es\/wp-content\/uploads\/2024\/10\/Contactos.jpg","type":"image\/jpeg"}],"twitter_card":"summary_large_image","twitter_misc":{"Est. tempo de leitura":"2 minutos"},"schema":{"@context":"https:\/\/schema.org","@graph":[{"@type":"WebPage","@id":"https:\/\/ecnbusiness.com.br\/es\/contacto\/","url":"https:\/\/ecnbusiness.com.br\/es\/contacto\/","name":"CONTACTO - ECN Business","isPartOf":{"@id":"https:\/\/ecnbusiness.com.br\/es\/#website"},"primaryImageOfPage":{"@id":"https:\/\/ecnbusiness.com.br\/es\/contacto\/#primaryimage"},"image":{"@id":"https:\/\/ecnbusiness.com.br\/es\/contacto\/#primaryimage"},"thumbnailUrl":"https:\/\/ecnbusiness.com.br\/wp-content\/uploads\/2024\/09\/whatsapp-logo-1-300x300.png","datePublished":"2024-10-25T14:49:07+00:00","dateModified":"2026-03-27T17:17:26+00:00","breadcrumb":{"@id":"https:\/\/ecnbusiness.com.br\/es\/contacto\/#breadcrumb"},"inLanguage":"pt-BR","potentialAction":[{"@type":"ReadAction","target":["https:\/\/ecnbusiness.com.br\/es\/contacto\/"]}]},{"@type":"ImageObject","inLanguage":"pt-BR","@id":"https:\/\/ecnbusiness.com.br\/es\/contacto\/#primaryimage","url":"https:\/\/ecnbusiness.com.br\/wp-content\/uploads\/2024\/09\/whatsapp-logo-1-300x300.png","contentUrl":"https:\/\/ecnbusiness.com.br\/wp-content\/uploads\/2024\/09\/whatsapp-logo-1-300x300.png"},{"@type":"BreadcrumbList","@id":"https:\/\/ecnbusiness.com.br\/es\/contacto\/#breadcrumb","itemListElement":[{"@type":"ListItem","position":1,"name":"In\u00edcio","item":"https:\/\/ecnbusiness.com.br\/es\/"},{"@type":"ListItem","position":2,"name":"CONTACTO"}]},{"@type":"WebSite","@id":"https:\/\/ecnbusiness.com.br\/es\/#website","url":"https:\/\/ecnbusiness.com.br\/es\/","name":"ECN Business","description":"Empresa de Consultor\u00eda y Negocios","publisher":{"@id":"https:\/\/ecnbusiness.com.br\/es\/#organization"},"potentialAction":[{"@type":"SearchAction","target":{"@type":"EntryPoint","urlTemplate":"https:\/\/ecnbusiness.com.br\/es\/?s={search_term_string}"},"query-input":{"@type":"PropertyValueSpecification","valueRequired":true,"valueName":"search_term_string"}}],"inLanguage":"pt-BR"},{"@type":"Organization","@id":"https:\/\/ecnbusiness.com.br\/es\/#organization","name":"ECN Business","url":"https:\/\/ecnbusiness.com.br\/es\/","logo":{"@type":"ImageObject","inLanguage":"pt-BR","@id":"https:\/\/ecnbusiness.com.br\/es\/#\/schema\/logo\/image\/","url":"https:\/\/ecnbusiness.com.br\/es\/wp-content\/uploads\/2024\/10\/ECN-logo-gr.png","contentUrl":"https:\/\/ecnbusiness.com.br\/es\/wp-content\/uploads\/2024\/10\/ECN-logo-gr.png","width":696,"height":295,"caption":"ECN Business"},"image":{"@id":"https:\/\/ecnbusiness.com.br\/es\/#\/schema\/logo\/image\/"},"sameAs":["https:\/\/www.youtube.com\/@joseanibalpetraglia","https:\/\/www.linkedin.com\/in\/jos-anbal-petrglia-023663252\/"]}]}},"_links":{"self":[{"href":"https:\/\/ecnbusiness.com.br\/es\/wp-json\/wp\/v2\/pages\/14","targetHints":{"allow":["GET"]}}],"collection":[{"href":"https:\/\/ecnbusiness.com.br\/es\/wp-json\/wp\/v2\/pages"}],"about":[{"href":"https:\/\/ecnbusiness.com.br\/es\/wp-json\/wp\/v2\/types\/page"}],"author":[{"embeddable":true,"href":"https:\/\/ecnbusiness.com.br\/es\/wp-json\/wp\/v2\/users\/1"}],"replies":[{"embeddable":true,"href":"https:\/\/ecnbusiness.com.br\/es\/wp-json\/wp\/v2\/comments?post=14"}],"version-history":[{"count":40,"href":"https:\/\/ecnbusiness.com.br\/es\/wp-json\/wp\/v2\/pages\/14\/revisions"}],"predecessor-version":[{"id":309,"href":"https:\/\/ecnbusiness.com.br\/es\/wp-json\/wp\/v2\/pages\/14\/revisions\/309"}],"wp:attachment":[{"href":"https:\/\/ecnbusiness.com.br\/es\/wp-json\/wp\/v2\/media?parent=14"}],"curies":[{"name":"wp","href":"https:\/\/api.w.org\/{rel}","templated":true}]}}