{"id":10,"date":"2024-10-25T14:48:15","date_gmt":"2024-10-25T14:48:15","guid":{"rendered":"https:\/\/ecnbusiness.com.br\/es\/?page_id=10"},"modified":"2024-11-07T19:53:26","modified_gmt":"2024-11-07T19:53:26","slug":"mas-informacion","status":"publish","type":"page","link":"https:\/\/ecnbusiness.com.br\/es\/mas-informacion\/","title":{"rendered":"M\u00c1S INFORMACI\u00d3N"},"content":{"rendered":"\t\t<div data-elementor-type=\"wp-page\" data-elementor-id=\"10\" class=\"elementor elementor-10\">\n\t\t\t\t<div class=\"elementor-element elementor-element-30ac40c2 e-flex e-con-boxed e-con e-parent\" data-id=\"30ac40c2\" data-element_type=\"container\" data-e-type=\"container\" data-settings=\"{&quot;background_background&quot;:&quot;classic&quot;}\">\n\t\t\t\t\t<div class=\"e-con-inner\">\n\t\t\t\t<div class=\"elementor-element elementor-element-7ae6c93d elementor-widget elementor-widget-heading\" data-id=\"7ae6c93d\" data-element_type=\"widget\" data-e-type=\"widget\" data-widget_type=\"heading.default\">\n\t\t\t\t<div class=\"elementor-widget-container\">\n\t\t\t\t\t<h1 class=\"elementor-heading-title elementor-size-default\">M\u00c1S INFORMACI\u00d3N<\/h1>\t\t\t\t<\/div>\n\t\t\t\t<\/div>\n\t\t<div class=\"elementor-element elementor-element-2ba87e3d e-con-full e-flex e-con e-child\" data-id=\"2ba87e3d\" data-element_type=\"container\" data-e-type=\"container\" data-settings=\"{&quot;background_background&quot;:&quot;classic&quot;}\">\n\t\t\t\t<div class=\"elementor-element elementor-element-4928cefd elementor-widget elementor-widget-heading\" data-id=\"4928cefd\" data-element_type=\"widget\" data-e-type=\"widget\" data-widget_type=\"heading.default\">\n\t\t\t\t<div class=\"elementor-widget-container\">\n\t\t\t\t\t<h3 class=\"elementor-heading-title elementor-size-default\">BIENVENIDOS<\/h3>\t\t\t\t<\/div>\n\t\t\t\t<\/div>\n\t\t\t\t<div class=\"elementor-element elementor-element-440c2e13 elementor-widget elementor-widget-text-editor\" data-id=\"440c2e13\" data-element_type=\"widget\" data-e-type=\"widget\" data-widget_type=\"text-editor.default\">\n\t\t\t\t<div class=\"elementor-widget-container\">\n\t\t\t\t\t\t\t\t\t<p><b><i><img decoding=\"async\" class=\"wp-image-1567 alignleft\" src=\"https:\/\/ecnbusiness.com.br\/wp-content\/uploads\/2024\/09\/ECN-Anibal-Transparente-264x300.png\" alt=\"\" width=\"183\" height=\"208\" \/><\/i><\/b><\/p><p>\u201cECN fue creada con el enfoque en apoyar \u00e1reas relacionadas con presidencias, consejos corporativos y grupos empresariales que tienen muy poco tiempo para estudiar e investigar los problemas que impactan sus niveles m\u00e1s altos de administraci\u00f3n.<\/p><p>Naci\u00f3 de una necesidad sentida que surgi\u00f3 mientras est\u00e1bamos en las presidencias de empresas e instituciones p\u00fablicas. Debido a las numerosas exigencias de las funciones diarias, no pudimos dedicar el tiempo necesario a las cuestiones estrat\u00e9gicas involucradas.<\/p><p>Estas inclu\u00edan tendencias de mercado, las situaciones empresariales de nuestros competidores, sus decisiones y acciones, el desempe\u00f1o de los directores, las condiciones generales de nuestras subsidiarias y afiliadas, y, m\u00e1s que nada, la falta de alguien de nuestro nivel, con nuestra formaci\u00f3n, experiencia y conocimiento, con quien pudi\u00e9ramos intercambiar ideas y caminos sobre todo lo que nos afectaba en ese momento.<\/p><p>Imaginamos cu\u00e1n beneficioso ser\u00eda contar con el apoyo de una consultor\u00eda con amplia experiencia y capacidad para recibir temas y asuntos para investigar, estudiar, analizar y, posteriormente, sugerir aquellos caminos que se adaptar\u00edan mejor a nuestro momento y realidad. En definitiva, so\u00f1\u00e1bamos con tener una Junta o una Asesor\u00eda de Planificaci\u00f3n Estrat\u00e9gica, externalizada, proactiva y siempre adelantada a los tiempos, completamente alineada con los intereses de todos. Cuando finalizamos nuestro ciclo al mando de las empresas, optamos por poner en pr\u00e1ctica nuestras ideas y pensamientos, creando una empresa tal como la imagin\u00e1bamos, que pudiera brindar al mercado esa posibilidad.<\/p><p>Contamos con d\u00e9cadas de experiencias personales de diversas y din\u00e1micas vertientes, as\u00ed como disponibilidad y motivaci\u00f3n para nuevos y grandes desaf\u00edos. Todos guiados por un objetivo principal: proporcionar a los m\u00e1s distintos y preparados empresarios, dirigentes y consejos empresariales, una consultor\u00eda diferenciada que los apoye en todo.<\/p><p>En resumen, \u00a1una empresa capaz de facilitar y garantizar totalmente sus decisiones!<\/p><p>Bienvenidos a ECN &#8211; Empresa de Consultor\u00eda y Negocios.\u201d<\/p><p>Jos\u00e9 An\u00edbal Petraglia<\/p><p><b><i>\u00a0<\/i><\/b><\/p><p style=\"text-align: center;\"><b>oooOOOooo<\/b><\/p>\t\t\t\t\t\t\t\t<\/div>\n\t\t\t\t<\/div>\n\t\t\t\t<\/div>\n\t\t\t\t<div class=\"elementor-element elementor-element-1806b359 elementor-widget-divider--separator-type-pattern elementor-widget-divider--view-line elementor-widget elementor-widget-divider\" data-id=\"1806b359\" data-element_type=\"widget\" data-e-type=\"widget\" data-widget_type=\"divider.default\">\n\t\t\t\t<div class=\"elementor-widget-container\">\n\t\t\t\t\t\t\t<div class=\"elementor-divider\" style=\"--divider-pattern-url: url(&quot;data:image\/svg+xml,%3Csvg xmlns=&#039;http:\/\/www.w3.org\/2000\/svg&#039; preserveAspectRatio=&#039;none&#039; overflow=&#039;visible&#039; height=&#039;100%&#039; viewBox=&#039;0 0 24 24&#039; fill=&#039;none&#039; stroke=&#039;black&#039; stroke-width=&#039;4.8&#039; stroke-linecap=&#039;square&#039; stroke-miterlimit=&#039;10&#039;%3E%3Cpolyline points=&#039;0,6 6,6 6,18 18,18 18,6 24,6 \t&#039;\/%3E%3C\/svg%3E&quot;);\">\n\t\t\t<span class=\"elementor-divider-separator\">\n\t\t\t\t\t\t<\/span>\n\t\t<\/div>\n\t\t\t\t\t\t<\/div>\n\t\t\t\t<\/div>\n\t\t<div class=\"elementor-element elementor-element-2a472f55 e-con-full e-flex e-con e-child\" data-id=\"2a472f55\" data-element_type=\"container\" data-e-type=\"container\" data-settings=\"{&quot;background_background&quot;:&quot;classic&quot;}\">\n\t\t\t\t<div class=\"elementor-element elementor-element-4993193e elementor-widget elementor-widget-heading\" data-id=\"4993193e\" data-element_type=\"widget\" data-e-type=\"widget\" data-widget_type=\"heading.default\">\n\t\t\t\t<div class=\"elementor-widget-container\">\n\t\t\t\t\t<h3 class=\"elementor-heading-title elementor-size-default\">QUI\u00c9NES SOMOS<\/h3>\t\t\t\t<\/div>\n\t\t\t\t<\/div>\n\t\t\t\t<div class=\"elementor-element elementor-element-c6997c2 elementor-widget elementor-widget-text-editor\" data-id=\"c6997c2\" data-element_type=\"widget\" data-e-type=\"widget\" data-widget_type=\"text-editor.default\">\n\t\t\t\t<div class=\"elementor-widget-container\">\n\t\t\t\t\t\t\t\t\t<ul><li>Somos una empresa din\u00e1mica y activa, capaz de crear soluciones diferenciadas para los diversos segmentos y circunstancias que pueden involucrar los negocios de las empresas o clientes individuales.<br \/><br \/><\/li><li>Siempre somos un brazo fuerte de controladores y propietarios de empresas y grupos empresariales, auditando y monitoreando el desempe\u00f1o de las juntas nombradas y los resultados presentados. Esta es consistentemente una de las principales dificultades de los emprendedores: saber, visualizar y controlar la actuaci\u00f3n de sus contratados.<br \/><br \/><\/li><li>Contamos con mucha experiencia y \u00e9xitos comprobados en el \u00e1rea de negocios y \u00e1reas comerciales, buscando, desarroll\u00e1ndolos o, incluso, intermedi\u00e1ndolos a solicitud espec\u00edfica de quienes nos contratan.<br \/><br \/><\/li><li>Las actividades relacionadas con procesos sucesorios, herencias recibidas o previstas, son cuestiones de gran importancia que siempre abordamos como soluci\u00f3n para las familias que heredan empresas y no saben nada sobre ellas\u2014y a menudo carecen de la capacidad para gestionarlas\u2014hasta que puedan venderlas antes de que los segmentos internos aprovechen la oportunidad.<br \/><br \/><\/li><li>Tambi\u00e9n actuamos, con gran autoridad y especializaci\u00f3n, en el \u00e1rea de consultor\u00edas empresariales o para clientes independientes. Este trabajo se enfoca, siempre, en las soluciones m\u00e1s simples y creativas para cada tipo de situaci\u00f3n encontrada. Y, en este sentido, facilitamos la externalizaci\u00f3n de gestiones y las actuaciones en \u00e1reas estrat\u00e9gicas y comerciales.<br \/><br \/><\/li><li>Ejecutamos la estructuraci\u00f3n y reestructuraci\u00f3n de cualquier tipo de actividades o empresas. Este es, de hecho, nuestro trabajo con mejores resultados, permitiendo que los clientes que sigan rigurosamente nuestras propuestas y orientaciones logren los resultados propuestos y deseados.<br \/><br \/><\/li><li>Adem\u00e1s, actuamos como instrumento para abogados y oficinas de abogados, en la consecuci\u00f3n de soluciones creativas y necesarias para los m\u00e1s diversos intereses de los clientes. De igual manera, tambi\u00e9n utilizamos abogados y oficinas de abogados para ayudar en las soluciones jur\u00eddicas que necesiten nuestros clientes.<\/li><\/ul>\t\t\t\t\t\t\t\t<\/div>\n\t\t\t\t<\/div>\n\t\t\t\t<\/div>\n\t\t\t\t<div class=\"elementor-element elementor-element-6bcadd9c elementor-widget-divider--separator-type-pattern elementor-widget-divider--view-line elementor-widget elementor-widget-divider\" data-id=\"6bcadd9c\" data-element_type=\"widget\" data-e-type=\"widget\" data-widget_type=\"divider.default\">\n\t\t\t\t<div class=\"elementor-widget-container\">\n\t\t\t\t\t\t\t<div class=\"elementor-divider\" style=\"--divider-pattern-url: url(&quot;data:image\/svg+xml,%3Csvg xmlns=&#039;http:\/\/www.w3.org\/2000\/svg&#039; preserveAspectRatio=&#039;none&#039; overflow=&#039;visible&#039; height=&#039;100%&#039; viewBox=&#039;0 0 24 24&#039; fill=&#039;none&#039; stroke=&#039;black&#039; stroke-width=&#039;4.8&#039; stroke-linecap=&#039;square&#039; stroke-miterlimit=&#039;10&#039;%3E%3Cpolyline points=&#039;0,6 6,6 6,18 18,18 18,6 24,6 \t&#039;\/%3E%3C\/svg%3E&quot;);\">\n\t\t\t<span class=\"elementor-divider-separator\">\n\t\t\t\t\t\t<\/span>\n\t\t<\/div>\n\t\t\t\t\t\t<\/div>\n\t\t\t\t<\/div>\n\t\t<div class=\"elementor-element elementor-element-31b08101 e-con-full e-flex e-con e-child\" data-id=\"31b08101\" data-element_type=\"container\" data-e-type=\"container\" data-settings=\"{&quot;background_background&quot;:&quot;classic&quot;}\">\n\t\t\t\t<div class=\"elementor-element elementor-element-22443ce0 elementor-widget elementor-widget-heading\" data-id=\"22443ce0\" data-element_type=\"widget\" data-e-type=\"widget\" data-widget_type=\"heading.default\">\n\t\t\t\t<div class=\"elementor-widget-container\">\n\t\t\t\t\t<h3 class=\"elementor-heading-title elementor-size-default\">SOLUCIONES<\/h3>\t\t\t\t<\/div>\n\t\t\t\t<\/div>\n\t\t\t\t<div class=\"elementor-element elementor-element-efac11e elementor-widget elementor-widget-text-editor\" data-id=\"efac11e\" data-element_type=\"widget\" data-e-type=\"widget\" data-widget_type=\"text-editor.default\">\n\t\t\t\t<div class=\"elementor-widget-container\">\n\t\t\t\t\t\t\t\t\t<ul><li>Equilibrio de las situaciones cr\u00edticas de las empresas y creaci\u00f3n de soluciones creativas para cada tipo de contexto empresarial.<br \/><br \/><\/li><li>Creaci\u00f3n de soluciones simples y duraderas para las necesidades y circunstancias de los negocios de los clientes.<br \/><br \/><\/li><li>B\u00fasqueda y obtenci\u00f3n de resultados operacionales positivos inmediatos para los negocios de los clientes.<br \/><br \/><\/li><li>Implementaci\u00f3n de soluciones creadas, sugeridas, aprobadas y adoptadas por las empresas y negocios de los clientes.<br \/><br \/><\/li><li>Inicio r\u00e1pido e intenso de los trabajos en las \u00e1reas comerciales, financieras y jur\u00eddicas (contencioso), de manera que se puedan abordar las dificultades, aumentar la entrada de ingresos, reducir al m\u00ednimo las ineficiencias de caja y poner en marcha las soluciones y negociaciones pendientes. Juntas, estas mejoras propician, a su vez, la reducci\u00f3n de diversos factores detractores para las empresas y aumentan la preparaci\u00f3n del \u00e1rea operativa para superar momentos de crisis (si los hubiera).<br \/><br \/><\/li><li>Permanentemente a disposici\u00f3n de los clientes, listos para actuar con soluciones para todos los problemas que les involucran y brindarles tranquilidad y seguridad.<\/li><\/ul>\t\t\t\t\t\t\t\t<\/div>\n\t\t\t\t<\/div>\n\t\t\t\t<\/div>\n\t\t<div class=\"elementor-element elementor-element-188e4d12 e-con-full e-flex e-con e-child\" data-id=\"188e4d12\" data-element_type=\"container\" data-e-type=\"container\" data-settings=\"{&quot;background_background&quot;:&quot;classic&quot;}\">\n\t\t\t\t<div class=\"elementor-element elementor-element-25d69a3 elementor-widget elementor-widget-heading\" data-id=\"25d69a3\" data-element_type=\"widget\" data-e-type=\"widget\" data-widget_type=\"heading.default\">\n\t\t\t\t<div class=\"elementor-widget-container\">\n\t\t\t\t\t<h2 class=\"elementor-heading-title elementor-size-default\">SABER M\u00c1S...<\/h2>\t\t\t\t<\/div>\n\t\t\t\t<\/div>\n\t\t\t\t<div class=\"elementor-element elementor-element-10b63b83 elementor-align-center elementor-icon-list--layout-traditional elementor-list-item-link-full_width elementor-widget elementor-widget-icon-list\" data-id=\"10b63b83\" data-element_type=\"widget\" data-e-type=\"widget\" data-widget_type=\"icon-list.default\">\n\t\t\t\t<div class=\"elementor-widget-container\">\n\t\t\t\t\t\t\t<ul class=\"elementor-icon-list-items\">\n\t\t\t\t\t\t\t<li class=\"elementor-icon-list-item\">\n\t\t\t\t\t\t\t\t\t\t\t<a href=\"https:\/\/ecnbusiness.com.br\/es\/\" target=\"_blank\">\n\n\t\t\t\t\t\t\t\t\t\t\t\t<span class=\"elementor-icon-list-icon\">\n\t\t\t\t\t\t\t<svg aria-hidden=\"true\" class=\"e-font-icon-svg e-fas-arrow-alt-circle-right\" viewBox=\"0 0 512 512\" xmlns=\"http:\/\/www.w3.org\/2000\/svg\"><path d=\"M256 8c137 0 248 111 248 248S393 504 256 504 8 393 8 256 119 8 256 8zM140 300h116v70.9c0 10.7 13 16.1 20.5 8.5l114.3-114.9c4.7-4.7 4.7-12.2 0-16.9l-114.3-115c-7.6-7.6-20.5-2.2-20.5 8.5V212H140c-6.6 0-12 5.4-12 12v64c0 6.6 5.4 12 12 12z\"><\/path><\/svg>\t\t\t\t\t\t<\/span>\n\t\t\t\t\t\t\t\t\t\t<span class=\"elementor-icon-list-text\">NUESTRA ECN<\/span>\n\t\t\t\t\t\t\t\t\t\t\t<\/a>\n\t\t\t\t\t\t\t\t\t<\/li>\n\t\t\t\t\t\t\t\t<li class=\"elementor-icon-list-item\">\n\t\t\t\t\t\t\t\t\t\t\t<a href=\"https:\/\/ecnbusiness.com.br\/es\/que-hacemos\/\" target=\"_blank\">\n\n\t\t\t\t\t\t\t\t\t\t\t\t<span class=\"elementor-icon-list-icon\">\n\t\t\t\t\t\t\t<svg aria-hidden=\"true\" class=\"e-font-icon-svg e-fas-arrow-alt-circle-right\" viewBox=\"0 0 512 512\" xmlns=\"http:\/\/www.w3.org\/2000\/svg\"><path d=\"M256 8c137 0 248 111 248 248S393 504 256 504 8 393 8 256 119 8 256 8zM140 300h116v70.9c0 10.7 13 16.1 20.5 8.5l114.3-114.9c4.7-4.7 4.7-12.2 0-16.9l-114.3-115c-7.6-7.6-20.5-2.2-20.5 8.5V212H140c-6.6 0-12 5.4-12 12v64c0 6.6 5.4 12 12 12z\"><\/path><\/svg>\t\t\t\t\t\t<\/span>\n\t\t\t\t\t\t\t\t\t\t<span class=\"elementor-icon-list-text\">QU\u00c9 HACEMOS<\/span>\n\t\t\t\t\t\t\t\t\t\t\t<\/a>\n\t\t\t\t\t\t\t\t\t<\/li>\n\t\t\t\t\t\t\t\t<li class=\"elementor-icon-list-item\">\n\t\t\t\t\t\t\t\t\t\t\t<a href=\"https:\/\/ecnbusiness.com.br\/es\/publicaciones\/\" target=\"_blank\">\n\n\t\t\t\t\t\t\t\t\t\t\t\t<span class=\"elementor-icon-list-icon\">\n\t\t\t\t\t\t\t<svg aria-hidden=\"true\" class=\"e-font-icon-svg e-fas-arrow-alt-circle-right\" viewBox=\"0 0 512 512\" xmlns=\"http:\/\/www.w3.org\/2000\/svg\"><path d=\"M256 8c137 0 248 111 248 248S393 504 256 504 8 393 8 256 119 8 256 8zM140 300h116v70.9c0 10.7 13 16.1 20.5 8.5l114.3-114.9c4.7-4.7 4.7-12.2 0-16.9l-114.3-115c-7.6-7.6-20.5-2.2-20.5 8.5V212H140c-6.6 0-12 5.4-12 12v64c0 6.6 5.4 12 12 12z\"><\/path><\/svg>\t\t\t\t\t\t<\/span>\n\t\t\t\t\t\t\t\t\t\t<span class=\"elementor-icon-list-text\">PUBLICACIONES<\/span>\n\t\t\t\t\t\t\t\t\t\t\t<\/a>\n\t\t\t\t\t\t\t\t\t<\/li>\n\t\t\t\t\t\t\t\t<li class=\"elementor-icon-list-item\">\n\t\t\t\t\t\t\t\t\t\t\t<a href=\"https:\/\/ecnbusiness.com.br\/es\/contacto\/\" target=\"_blank\">\n\n\t\t\t\t\t\t\t\t\t\t\t\t<span class=\"elementor-icon-list-icon\">\n\t\t\t\t\t\t\t<svg aria-hidden=\"true\" class=\"e-font-icon-svg e-fas-arrow-alt-circle-right\" viewBox=\"0 0 512 512\" xmlns=\"http:\/\/www.w3.org\/2000\/svg\"><path d=\"M256 8c137 0 248 111 248 248S393 504 256 504 8 393 8 256 119 8 256 8zM140 300h116v70.9c0 10.7 13 16.1 20.5 8.5l114.3-114.9c4.7-4.7 4.7-12.2 0-16.9l-114.3-115c-7.6-7.6-20.5-2.2-20.5 8.5V212H140c-6.6 0-12 5.4-12 12v64c0 6.6 5.4 12 12 12z\"><\/path><\/svg>\t\t\t\t\t\t<\/span>\n\t\t\t\t\t\t\t\t\t\t<span class=\"elementor-icon-list-text\">CONTACTO<\/span>\n\t\t\t\t\t\t\t\t\t\t\t<\/a>\n\t\t\t\t\t\t\t\t\t<\/li>\n\t\t\t\t\t\t<\/ul>\n\t\t\t\t\t\t<\/div>\n\t\t\t\t<\/div>\n\t\t\t\t<\/div>\n\t\t\t\t<div class=\"elementor-element elementor-element-72c84919 elementor-widget elementor-widget-image\" data-id=\"72c84919\" data-element_type=\"widget\" data-e-type=\"widget\" data-widget_type=\"image.default\">\n\t\t\t\t<div class=\"elementor-widget-container\">\n\t\t\t\t\t\t\t\t\t\t\t\t\t\t\t<img fetchpriority=\"high\" decoding=\"async\" width=\"672\" height=\"133\" src=\"https:\/\/ecnbusiness.com.br\/es\/wp-content\/uploads\/2024\/10\/Quienes-somos.jpg\" class=\"attachment-large size-large wp-image-92\" alt=\"\" srcset=\"https:\/\/ecnbusiness.com.br\/es\/wp-content\/uploads\/2024\/10\/Quienes-somos.jpg 672w, https:\/\/ecnbusiness.com.br\/es\/wp-content\/uploads\/2024\/10\/Quienes-somos-300x59.jpg 300w\" sizes=\"(max-width: 672px) 100vw, 672px\" \/>\t\t\t\t\t\t\t\t\t\t\t\t\t\t\t<\/div>\n\t\t\t\t<\/div>\n\t\t\t\t\t<\/div>\n\t\t\t\t<\/div>\n\t\t\t\t<\/div>\n\t\t","protected":false},"excerpt":{"rendered":"<p>M\u00c1S INFORMACI\u00d3N BIENVENIDOS \u201cECN fue creada con el enfoque en apoyar \u00e1reas relacionadas con presidencias, consejos corporativos y grupos empresariales que tienen muy poco tiempo para estudiar e investigar los problemas que impactan sus niveles m\u00e1s altos de administraci\u00f3n. Naci\u00f3 de una necesidad sentida que surgi\u00f3 mientras est\u00e1bamos en las presidencias de empresas e instituciones [&hellip;]<\/p>\n","protected":false},"author":1,"featured_media":0,"parent":0,"menu_order":0,"comment_status":"closed","ping_status":"closed","template":"","meta":{"footnotes":""},"class_list":["post-10","page","type-page","status-publish","hentry"],"yoast_head":"<!-- This site is optimized with the Yoast SEO plugin v27.2 - https:\/\/yoast.com\/product\/yoast-seo-wordpress\/ -->\n<title>M\u00c1S INFORMACI\u00d3N - ECN Business<\/title>\n<meta name=\"robots\" content=\"index, follow, max-snippet:-1, max-image-preview:large, max-video-preview:-1\" \/>\n<link rel=\"canonical\" href=\"https:\/\/ecnbusiness.com.br\/es\/mas-informacion\/\" \/>\n<meta property=\"og:locale\" content=\"pt_BR\" \/>\n<meta property=\"og:type\" content=\"article\" \/>\n<meta property=\"og:title\" content=\"M\u00c1S INFORMACI\u00d3N - ECN Business\" \/>\n<meta property=\"og:description\" content=\"M\u00c1S INFORMACI\u00d3N BIENVENIDOS \u201cECN fue creada con el enfoque en apoyar \u00e1reas relacionadas con presidencias, consejos corporativos y grupos empresariales que tienen muy poco tiempo para estudiar e investigar los problemas que impactan sus niveles m\u00e1s altos de administraci\u00f3n. Naci\u00f3 de una necesidad sentida que surgi\u00f3 mientras est\u00e1bamos en las presidencias de empresas e instituciones [&hellip;]\" \/>\n<meta property=\"og:url\" content=\"https:\/\/ecnbusiness.com.br\/es\/mas-informacion\/\" \/>\n<meta property=\"og:site_name\" content=\"ECN Business\" \/>\n<meta property=\"article:modified_time\" content=\"2024-11-07T19:53:26+00:00\" \/>\n<meta name=\"twitter:card\" content=\"summary_large_image\" \/>\n<meta name=\"twitter:label1\" content=\"Est. tempo de leitura\" \/>\n\t<meta name=\"twitter:data1\" content=\"4 minutos\" \/>\n<script type=\"application\/ld+json\" class=\"yoast-schema-graph\">{\"@context\":\"https:\/\/schema.org\",\"@graph\":[{\"@type\":\"WebPage\",\"@id\":\"https:\/\/ecnbusiness.com.br\/es\/mas-informacion\/\",\"url\":\"https:\/\/ecnbusiness.com.br\/es\/mas-informacion\/\",\"name\":\"M\u00c1S INFORMACI\u00d3N - ECN Business\",\"isPartOf\":{\"@id\":\"https:\/\/ecnbusiness.com.br\/es\/#website\"},\"primaryImageOfPage\":{\"@id\":\"https:\/\/ecnbusiness.com.br\/es\/mas-informacion\/#primaryimage\"},\"image\":{\"@id\":\"https:\/\/ecnbusiness.com.br\/es\/mas-informacion\/#primaryimage\"},\"thumbnailUrl\":\"https:\/\/ecnbusiness.com.br\/wp-content\/uploads\/2024\/09\/ECN-Anibal-Transparente-264x300.png\",\"datePublished\":\"2024-10-25T14:48:15+00:00\",\"dateModified\":\"2024-11-07T19:53:26+00:00\",\"breadcrumb\":{\"@id\":\"https:\/\/ecnbusiness.com.br\/es\/mas-informacion\/#breadcrumb\"},\"inLanguage\":\"pt-BR\",\"potentialAction\":[{\"@type\":\"ReadAction\",\"target\":[\"https:\/\/ecnbusiness.com.br\/es\/mas-informacion\/\"]}]},{\"@type\":\"ImageObject\",\"inLanguage\":\"pt-BR\",\"@id\":\"https:\/\/ecnbusiness.com.br\/es\/mas-informacion\/#primaryimage\",\"url\":\"https:\/\/ecnbusiness.com.br\/wp-content\/uploads\/2024\/09\/ECN-Anibal-Transparente-264x300.png\",\"contentUrl\":\"https:\/\/ecnbusiness.com.br\/wp-content\/uploads\/2024\/09\/ECN-Anibal-Transparente-264x300.png\"},{\"@type\":\"BreadcrumbList\",\"@id\":\"https:\/\/ecnbusiness.com.br\/es\/mas-informacion\/#breadcrumb\",\"itemListElement\":[{\"@type\":\"ListItem\",\"position\":1,\"name\":\"In\u00edcio\",\"item\":\"https:\/\/ecnbusiness.com.br\/es\/\"},{\"@type\":\"ListItem\",\"position\":2,\"name\":\"M\u00c1S INFORMACI\u00d3N\"}]},{\"@type\":\"WebSite\",\"@id\":\"https:\/\/ecnbusiness.com.br\/es\/#website\",\"url\":\"https:\/\/ecnbusiness.com.br\/es\/\",\"name\":\"ECN Business\",\"description\":\"Empresa de Consultor\u00eda y Negocios\",\"publisher\":{\"@id\":\"https:\/\/ecnbusiness.com.br\/es\/#organization\"},\"potentialAction\":[{\"@type\":\"SearchAction\",\"target\":{\"@type\":\"EntryPoint\",\"urlTemplate\":\"https:\/\/ecnbusiness.com.br\/es\/?s={search_term_string}\"},\"query-input\":{\"@type\":\"PropertyValueSpecification\",\"valueRequired\":true,\"valueName\":\"search_term_string\"}}],\"inLanguage\":\"pt-BR\"},{\"@type\":\"Organization\",\"@id\":\"https:\/\/ecnbusiness.com.br\/es\/#organization\",\"name\":\"ECN Business\",\"url\":\"https:\/\/ecnbusiness.com.br\/es\/\",\"logo\":{\"@type\":\"ImageObject\",\"inLanguage\":\"pt-BR\",\"@id\":\"https:\/\/ecnbusiness.com.br\/es\/#\/schema\/logo\/image\/\",\"url\":\"https:\/\/ecnbusiness.com.br\/es\/wp-content\/uploads\/2024\/10\/ECN-logo-gr.png\",\"contentUrl\":\"https:\/\/ecnbusiness.com.br\/es\/wp-content\/uploads\/2024\/10\/ECN-logo-gr.png\",\"width\":696,\"height\":295,\"caption\":\"ECN Business\"},\"image\":{\"@id\":\"https:\/\/ecnbusiness.com.br\/es\/#\/schema\/logo\/image\/\"},\"sameAs\":[\"https:\/\/www.youtube.com\/@joseanibalpetraglia\",\"https:\/\/www.linkedin.com\/in\/jos-anbal-petrglia-023663252\/\"]}]}<\/script>\n<!-- \/ Yoast SEO plugin. -->","yoast_head_json":{"title":"M\u00c1S INFORMACI\u00d3N - ECN Business","robots":{"index":"index","follow":"follow","max-snippet":"max-snippet:-1","max-image-preview":"max-image-preview:large","max-video-preview":"max-video-preview:-1"},"canonical":"https:\/\/ecnbusiness.com.br\/es\/mas-informacion\/","og_locale":"pt_BR","og_type":"article","og_title":"M\u00c1S INFORMACI\u00d3N - ECN Business","og_description":"M\u00c1S INFORMACI\u00d3N BIENVENIDOS \u201cECN fue creada con el enfoque en apoyar \u00e1reas relacionadas con presidencias, consejos corporativos y grupos empresariales que tienen muy poco tiempo para estudiar e investigar los problemas que impactan sus niveles m\u00e1s altos de administraci\u00f3n. Naci\u00f3 de una necesidad sentida que surgi\u00f3 mientras est\u00e1bamos en las presidencias de empresas e instituciones [&hellip;]","og_url":"https:\/\/ecnbusiness.com.br\/es\/mas-informacion\/","og_site_name":"ECN Business","article_modified_time":"2024-11-07T19:53:26+00:00","twitter_card":"summary_large_image","twitter_misc":{"Est. tempo de leitura":"4 minutos"},"schema":{"@context":"https:\/\/schema.org","@graph":[{"@type":"WebPage","@id":"https:\/\/ecnbusiness.com.br\/es\/mas-informacion\/","url":"https:\/\/ecnbusiness.com.br\/es\/mas-informacion\/","name":"M\u00c1S INFORMACI\u00d3N - ECN Business","isPartOf":{"@id":"https:\/\/ecnbusiness.com.br\/es\/#website"},"primaryImageOfPage":{"@id":"https:\/\/ecnbusiness.com.br\/es\/mas-informacion\/#primaryimage"},"image":{"@id":"https:\/\/ecnbusiness.com.br\/es\/mas-informacion\/#primaryimage"},"thumbnailUrl":"https:\/\/ecnbusiness.com.br\/wp-content\/uploads\/2024\/09\/ECN-Anibal-Transparente-264x300.png","datePublished":"2024-10-25T14:48:15+00:00","dateModified":"2024-11-07T19:53:26+00:00","breadcrumb":{"@id":"https:\/\/ecnbusiness.com.br\/es\/mas-informacion\/#breadcrumb"},"inLanguage":"pt-BR","potentialAction":[{"@type":"ReadAction","target":["https:\/\/ecnbusiness.com.br\/es\/mas-informacion\/"]}]},{"@type":"ImageObject","inLanguage":"pt-BR","@id":"https:\/\/ecnbusiness.com.br\/es\/mas-informacion\/#primaryimage","url":"https:\/\/ecnbusiness.com.br\/wp-content\/uploads\/2024\/09\/ECN-Anibal-Transparente-264x300.png","contentUrl":"https:\/\/ecnbusiness.com.br\/wp-content\/uploads\/2024\/09\/ECN-Anibal-Transparente-264x300.png"},{"@type":"BreadcrumbList","@id":"https:\/\/ecnbusiness.com.br\/es\/mas-informacion\/#breadcrumb","itemListElement":[{"@type":"ListItem","position":1,"name":"In\u00edcio","item":"https:\/\/ecnbusiness.com.br\/es\/"},{"@type":"ListItem","position":2,"name":"M\u00c1S INFORMACI\u00d3N"}]},{"@type":"WebSite","@id":"https:\/\/ecnbusiness.com.br\/es\/#website","url":"https:\/\/ecnbusiness.com.br\/es\/","name":"ECN Business","description":"Empresa de Consultor\u00eda y Negocios","publisher":{"@id":"https:\/\/ecnbusiness.com.br\/es\/#organization"},"potentialAction":[{"@type":"SearchAction","target":{"@type":"EntryPoint","urlTemplate":"https:\/\/ecnbusiness.com.br\/es\/?s={search_term_string}"},"query-input":{"@type":"PropertyValueSpecification","valueRequired":true,"valueName":"search_term_string"}}],"inLanguage":"pt-BR"},{"@type":"Organization","@id":"https:\/\/ecnbusiness.com.br\/es\/#organization","name":"ECN Business","url":"https:\/\/ecnbusiness.com.br\/es\/","logo":{"@type":"ImageObject","inLanguage":"pt-BR","@id":"https:\/\/ecnbusiness.com.br\/es\/#\/schema\/logo\/image\/","url":"https:\/\/ecnbusiness.com.br\/es\/wp-content\/uploads\/2024\/10\/ECN-logo-gr.png","contentUrl":"https:\/\/ecnbusiness.com.br\/es\/wp-content\/uploads\/2024\/10\/ECN-logo-gr.png","width":696,"height":295,"caption":"ECN Business"},"image":{"@id":"https:\/\/ecnbusiness.com.br\/es\/#\/schema\/logo\/image\/"},"sameAs":["https:\/\/www.youtube.com\/@joseanibalpetraglia","https:\/\/www.linkedin.com\/in\/jos-anbal-petrglia-023663252\/"]}]}},"_links":{"self":[{"href":"https:\/\/ecnbusiness.com.br\/es\/wp-json\/wp\/v2\/pages\/10","targetHints":{"allow":["GET"]}}],"collection":[{"href":"https:\/\/ecnbusiness.com.br\/es\/wp-json\/wp\/v2\/pages"}],"about":[{"href":"https:\/\/ecnbusiness.com.br\/es\/wp-json\/wp\/v2\/types\/page"}],"author":[{"embeddable":true,"href":"https:\/\/ecnbusiness.com.br\/es\/wp-json\/wp\/v2\/users\/1"}],"replies":[{"embeddable":true,"href":"https:\/\/ecnbusiness.com.br\/es\/wp-json\/wp\/v2\/comments?post=10"}],"version-history":[{"count":22,"href":"https:\/\/ecnbusiness.com.br\/es\/wp-json\/wp\/v2\/pages\/10\/revisions"}],"predecessor-version":[{"id":263,"href":"https:\/\/ecnbusiness.com.br\/es\/wp-json\/wp\/v2\/pages\/10\/revisions\/263"}],"wp:attachment":[{"href":"https:\/\/ecnbusiness.com.br\/es\/wp-json\/wp\/v2\/media?parent=10"}],"curies":[{"name":"wp","href":"https:\/\/api.w.org\/{rel}","templated":true}]}}