{"id":81,"date":"2024-10-24T08:04:47","date_gmt":"2024-10-24T08:04:47","guid":{"rendered":"https:\/\/ecnbusiness.com.br\/en\/?page_id=81"},"modified":"2026-03-27T17:13:42","modified_gmt":"2026-03-27T17:13:42","slug":"contacts","status":"publish","type":"page","link":"https:\/\/ecnbusiness.com.br\/en\/contacts\/","title":{"rendered":"CONTACTS"},"content":{"rendered":"\t\t<div data-elementor-type=\"wp-page\" data-elementor-id=\"81\" class=\"elementor elementor-81\">\n\t\t\t\t<div class=\"elementor-element elementor-element-56fd3b15 e-flex e-con-boxed e-con e-parent\" data-id=\"56fd3b15\" data-element_type=\"container\" data-e-type=\"container\" data-settings=\"{&quot;background_background&quot;:&quot;classic&quot;}\">\n\t\t\t\t\t<div class=\"e-con-inner\">\n\t\t\t\t<div class=\"elementor-element elementor-element-6a5810d9 elementor-widget elementor-widget-heading\" data-id=\"6a5810d9\" data-element_type=\"widget\" data-e-type=\"widget\" data-widget_type=\"heading.default\">\n\t\t\t\t<div class=\"elementor-widget-container\">\n\t\t\t\t\t<h1 class=\"elementor-heading-title elementor-size-default\">CONTACTS<\/h1>\t\t\t\t<\/div>\n\t\t\t\t<\/div>\n\t\t<div class=\"elementor-element elementor-element-1f032691 e-con-full e-flex e-con e-child\" data-id=\"1f032691\" data-element_type=\"container\" data-e-type=\"container\">\n\t\t<div class=\"elementor-element elementor-element-61bbd0ff e-con-full e-flex e-con e-child\" data-id=\"61bbd0ff\" data-element_type=\"container\" data-e-type=\"container\" data-settings=\"{&quot;background_background&quot;:&quot;classic&quot;}\">\n\t\t<div class=\"elementor-element elementor-element-3c41ee5d e-con-full e-flex e-con e-child\" data-id=\"3c41ee5d\" data-element_type=\"container\" data-e-type=\"container\" data-settings=\"{&quot;background_background&quot;:&quot;classic&quot;}\">\n\t\t\t\t<div class=\"elementor-element elementor-element-4fa6a29a elementor-widget elementor-widget-text-editor\" data-id=\"4fa6a29a\" data-element_type=\"widget\" data-e-type=\"widget\" data-widget_type=\"text-editor.default\">\n\t\t\t\t<div class=\"elementor-widget-container\">\n\t\t\t\t\t\t\t\t\t<p>CNPJ: 02.321.802\/0001-29<\/p><p>Address: Rua Paulo Olympio Matheus, 61.<br \/>Condom\u00ednio Portal das Arauc\u00e1rias<br \/>Araraquara SP.<\/p><p>Responsible: Jos\u00e9 An\u00edbal Petraglia<\/p><p><strong><img decoding=\"async\" class=\"alignnone wp-image-103\" src=\"https:\/\/ecnbusiness.com.br\/wp-content\/uploads\/2024\/09\/whatsapp-logo-1-300x300.png\" sizes=\"(max-width: 25px) 100vw, 25px\" srcset=\"https:\/\/ecnbusiness.com.br\/wp-content\/uploads\/2024\/09\/whatsapp-logo-1-300x300.png 300w, https:\/\/ecnbusiness.com.br\/wp-content\/uploads\/2024\/09\/whatsapp-logo-1-150x150.png 150w, https:\/\/ecnbusiness.com.br\/wp-content\/uploads\/2024\/09\/whatsapp-logo-1.png 512w\" alt=\"\" width=\"25\" height=\"25\" \/>\u00a0 <a href=\"https:\/\/wa.me\/5516997871215\" target=\"_blank\" rel=\"noopener\">16 9 9787 1215<\/a><\/strong><br \/><strong><img decoding=\"async\" class=\"alignnone wp-image-103\" src=\"https:\/\/ecnbusiness.com.br\/wp-content\/uploads\/2024\/09\/whatsapp-logo-1-300x300.png\" sizes=\"(max-width: 25px) 100vw, 25px\" srcset=\"https:\/\/ecnbusiness.com.br\/wp-content\/uploads\/2024\/09\/whatsapp-logo-1-300x300.png 300w, https:\/\/ecnbusiness.com.br\/wp-content\/uploads\/2024\/09\/whatsapp-logo-1-150x150.png 150w, https:\/\/ecnbusiness.com.br\/wp-content\/uploads\/2024\/09\/whatsapp-logo-1.png 512w\" alt=\"\" width=\"25\" height=\"25\" \/>\u00a0 <a href=\"https:\/\/wa.me\/5516997791216\" target=\"_blank\" rel=\"noopener\">16 9 9779 1216 <\/a><\/strong><br \/><strong><img decoding=\"async\" class=\"alignnone wp-image-103\" src=\"https:\/\/ecnbusiness.com.br\/wp-content\/uploads\/2024\/09\/whatsapp-logo-1-300x300.png\" sizes=\"(max-width: 25px) 100vw, 25px\" srcset=\"https:\/\/ecnbusiness.com.br\/wp-content\/uploads\/2024\/09\/whatsapp-logo-1-300x300.png 300w, https:\/\/ecnbusiness.com.br\/wp-content\/uploads\/2024\/09\/whatsapp-logo-1-150x150.png 150w, https:\/\/ecnbusiness.com.br\/wp-content\/uploads\/2024\/09\/whatsapp-logo-1.png 512w\" alt=\"\" width=\"25\" height=\"25\" \/>\u00a0 <a href=\"https:\/\/wa.me\/5522992617227\" target=\"_blank\" rel=\"noopener\">22 9\u00a0<\/a><\/strong><strong><a href=\"https:\/\/wa.me\/5522992617227\" target=\"_blank\" rel=\"noopener\">9261 7227<\/a><br \/><\/strong><strong><img decoding=\"async\" class=\"wp-image-824 alignnone\" src=\"https:\/\/ecnbusiness.com.br\/wp-content\/uploads\/2024\/09\/ECN-Telefone-300x300.png\" alt=\"\" width=\"23\" height=\"23\" \/>\u00a0 \u00a0<a href=\"tel:+551633351863\">16 3335 1863<\/a><\/strong><\/p>\t\t\t\t\t\t\t\t<\/div>\n\t\t\t\t<\/div>\n\t\t\t\t<\/div>\n\t\t<div class=\"elementor-element elementor-element-41409bec e-con-full e-flex e-con e-child\" data-id=\"41409bec\" data-element_type=\"container\" data-e-type=\"container\" data-settings=\"{&quot;background_background&quot;:&quot;classic&quot;}\">\n\t\t\t\t<div class=\"elementor-element elementor-element-1cf3837e elementor-widget elementor-widget-google_maps\" data-id=\"1cf3837e\" data-element_type=\"widget\" data-e-type=\"widget\" data-widget_type=\"google_maps.default\">\n\t\t\t\t<div class=\"elementor-widget-container\">\n\t\t\t\t\t\t\t<div class=\"elementor-custom-embed\">\n\t\t\t<iframe loading=\"lazy\"\n\t\t\t\t\tsrc=\"https:\/\/maps.google.com\/maps?q=Rua%20Paulo%20Olympio%20Matheus%2C%2061.%20Condom%C3%ADnio%20Portal%20das%20Arauc%C3%A1rias%20Araraquara%20SP.&#038;t=m&#038;z=15&#038;output=embed&#038;iwloc=near\"\n\t\t\t\t\ttitle=\"Rua Paulo Olympio Matheus, 61. Condom\u00ednio Portal das Arauc\u00e1rias Araraquara SP.\"\n\t\t\t\t\taria-label=\"Rua Paulo Olympio Matheus, 61. Condom\u00ednio Portal das Arauc\u00e1rias Araraquara SP.\"\n\t\t\t><\/iframe>\n\t\t<\/div>\n\t\t\t\t\t\t<\/div>\n\t\t\t\t<\/div>\n\t\t\t\t<\/div>\n\t\t\t\t<\/div>\n\t\t\t\t<div class=\"elementor-element elementor-element-21ffbe7a elementor-position-top elementor-widget elementor-widget-image-box\" data-id=\"21ffbe7a\" data-element_type=\"widget\" data-e-type=\"widget\" data-widget_type=\"image-box.default\">\n\t\t\t\t<div class=\"elementor-widget-container\">\n\t\t\t\t\t<div class=\"elementor-image-box-wrapper\"><figure class=\"elementor-image-box-img\"><img fetchpriority=\"high\" decoding=\"async\" width=\"300\" height=\"300\" src=\"https:\/\/ecnbusiness.com.br\/en\/wp-content\/uploads\/2026\/03\/3-300x300.png\" class=\"attachment-medium size-medium wp-image-271\" alt=\"\" srcset=\"https:\/\/ecnbusiness.com.br\/en\/wp-content\/uploads\/2026\/03\/3-300x300.png 300w, https:\/\/ecnbusiness.com.br\/en\/wp-content\/uploads\/2026\/03\/3-150x150.png 150w, https:\/\/ecnbusiness.com.br\/en\/wp-content\/uploads\/2026\/03\/3.png 500w\" sizes=\"(max-width: 300px) 100vw, 300px\" \/><\/figure><div class=\"elementor-image-box-content\"><h3 class=\"elementor-image-box-title\">Since 1998<\/h3><p class=\"elementor-image-box-description\">26 years operating in the areas of Consulting and Business.<\/p><\/div><\/div>\t\t\t\t<\/div>\n\t\t\t\t<\/div>\n\t\t\t\t<\/div>\n\t\t<div class=\"elementor-element elementor-element-145d4f64 e-con-full e-flex e-con e-child\" data-id=\"145d4f64\" data-element_type=\"container\" data-e-type=\"container\" data-settings=\"{&quot;background_background&quot;:&quot;classic&quot;}\">\n\t\t\t\t<div class=\"elementor-element elementor-element-6749730e elementor-widget elementor-widget-heading\" data-id=\"6749730e\" data-element_type=\"widget\" data-e-type=\"widget\" data-widget_type=\"heading.default\">\n\t\t\t\t<div class=\"elementor-widget-container\">\n\t\t\t\t\t<h2 class=\"elementor-heading-title elementor-size-default\">LEARN MORE...<\/h2>\t\t\t\t<\/div>\n\t\t\t\t<\/div>\n\t\t\t\t<div class=\"elementor-element elementor-element-cba4a88 elementor-align-center elementor-icon-list--layout-traditional elementor-list-item-link-full_width elementor-widget elementor-widget-icon-list\" data-id=\"cba4a88\" data-element_type=\"widget\" data-e-type=\"widget\" data-widget_type=\"icon-list.default\">\n\t\t\t\t<div class=\"elementor-widget-container\">\n\t\t\t\t\t\t\t<ul class=\"elementor-icon-list-items\">\n\t\t\t\t\t\t\t<li class=\"elementor-icon-list-item\">\n\t\t\t\t\t\t\t\t\t\t\t<a href=\"https:\/\/ecnbusiness.com.br\/en\/\" target=\"_blank\">\n\n\t\t\t\t\t\t\t\t\t\t\t\t<span class=\"elementor-icon-list-icon\">\n\t\t\t\t\t\t\t<svg aria-hidden=\"true\" class=\"e-font-icon-svg e-fas-arrow-alt-circle-right\" viewBox=\"0 0 512 512\" xmlns=\"http:\/\/www.w3.org\/2000\/svg\"><path d=\"M256 8c137 0 248 111 248 248S393 504 256 504 8 393 8 256 119 8 256 8zM140 300h116v70.9c0 10.7 13 16.1 20.5 8.5l114.3-114.9c4.7-4.7 4.7-12.2 0-16.9l-114.3-115c-7.6-7.6-20.5-2.2-20.5 8.5V212H140c-6.6 0-12 5.4-12 12v64c0 6.6 5.4 12 12 12z\"><\/path><\/svg>\t\t\t\t\t\t<\/span>\n\t\t\t\t\t\t\t\t\t\t<span class=\"elementor-icon-list-text\">OUR ECN<\/span>\n\t\t\t\t\t\t\t\t\t\t\t<\/a>\n\t\t\t\t\t\t\t\t\t<\/li>\n\t\t\t\t\t\t\t\t<li class=\"elementor-icon-list-item\">\n\t\t\t\t\t\t\t\t\t\t\t<a href=\"https:\/\/ecnbusiness.com.br\/en\/what-we-do\/\" target=\"_blank\">\n\n\t\t\t\t\t\t\t\t\t\t\t\t<span class=\"elementor-icon-list-icon\">\n\t\t\t\t\t\t\t<svg aria-hidden=\"true\" class=\"e-font-icon-svg e-fas-arrow-alt-circle-right\" viewBox=\"0 0 512 512\" xmlns=\"http:\/\/www.w3.org\/2000\/svg\"><path d=\"M256 8c137 0 248 111 248 248S393 504 256 504 8 393 8 256 119 8 256 8zM140 300h116v70.9c0 10.7 13 16.1 20.5 8.5l114.3-114.9c4.7-4.7 4.7-12.2 0-16.9l-114.3-115c-7.6-7.6-20.5-2.2-20.5 8.5V212H140c-6.6 0-12 5.4-12 12v64c0 6.6 5.4 12 12 12z\"><\/path><\/svg>\t\t\t\t\t\t<\/span>\n\t\t\t\t\t\t\t\t\t\t<span class=\"elementor-icon-list-text\">WHAT WE DO<\/span>\n\t\t\t\t\t\t\t\t\t\t\t<\/a>\n\t\t\t\t\t\t\t\t\t<\/li>\n\t\t\t\t\t\t\t\t<li class=\"elementor-icon-list-item\">\n\t\t\t\t\t\t\t\t\t\t\t<a href=\"https:\/\/ecnbusiness.com.br\/en\/more-information\/\" target=\"_blank\">\n\n\t\t\t\t\t\t\t\t\t\t\t\t<span class=\"elementor-icon-list-icon\">\n\t\t\t\t\t\t\t<svg aria-hidden=\"true\" class=\"e-font-icon-svg e-fas-arrow-alt-circle-right\" viewBox=\"0 0 512 512\" xmlns=\"http:\/\/www.w3.org\/2000\/svg\"><path d=\"M256 8c137 0 248 111 248 248S393 504 256 504 8 393 8 256 119 8 256 8zM140 300h116v70.9c0 10.7 13 16.1 20.5 8.5l114.3-114.9c4.7-4.7 4.7-12.2 0-16.9l-114.3-115c-7.6-7.6-20.5-2.2-20.5 8.5V212H140c-6.6 0-12 5.4-12 12v64c0 6.6 5.4 12 12 12z\"><\/path><\/svg>\t\t\t\t\t\t<\/span>\n\t\t\t\t\t\t\t\t\t\t<span class=\"elementor-icon-list-text\">MORE INFORMATION<\/span>\n\t\t\t\t\t\t\t\t\t\t\t<\/a>\n\t\t\t\t\t\t\t\t\t<\/li>\n\t\t\t\t\t\t\t\t<li class=\"elementor-icon-list-item\">\n\t\t\t\t\t\t\t\t\t\t\t<a href=\"https:\/\/ecnbusiness.com.br\/en\/publications\/\" target=\"_blank\">\n\n\t\t\t\t\t\t\t\t\t\t\t\t<span class=\"elementor-icon-list-icon\">\n\t\t\t\t\t\t\t<svg aria-hidden=\"true\" class=\"e-font-icon-svg e-fas-arrow-alt-circle-right\" viewBox=\"0 0 512 512\" xmlns=\"http:\/\/www.w3.org\/2000\/svg\"><path d=\"M256 8c137 0 248 111 248 248S393 504 256 504 8 393 8 256 119 8 256 8zM140 300h116v70.9c0 10.7 13 16.1 20.5 8.5l114.3-114.9c4.7-4.7 4.7-12.2 0-16.9l-114.3-115c-7.6-7.6-20.5-2.2-20.5 8.5V212H140c-6.6 0-12 5.4-12 12v64c0 6.6 5.4 12 12 12z\"><\/path><\/svg>\t\t\t\t\t\t<\/span>\n\t\t\t\t\t\t\t\t\t\t<span class=\"elementor-icon-list-text\">PUBLICATIONS<\/span>\n\t\t\t\t\t\t\t\t\t\t\t<\/a>\n\t\t\t\t\t\t\t\t\t<\/li>\n\t\t\t\t\t\t<\/ul>\n\t\t\t\t\t\t<\/div>\n\t\t\t\t<\/div>\n\t\t\t\t<\/div>\n\t\t\t\t<div class=\"elementor-element elementor-element-13afa26 elementor-widget elementor-widget-image\" data-id=\"13afa26\" data-element_type=\"widget\" data-e-type=\"widget\" data-widget_type=\"image.default\">\n\t\t\t\t<div class=\"elementor-widget-container\">\n\t\t\t\t\t\t\t\t\t\t\t\t\t\t\t<img loading=\"lazy\" decoding=\"async\" width=\"674\" height=\"135\" src=\"https:\/\/ecnbusiness.com.br\/en\/wp-content\/uploads\/2024\/10\/ECN-Contacts.jpg\" class=\"attachment-large size-large wp-image-84\" alt=\"\" srcset=\"https:\/\/ecnbusiness.com.br\/en\/wp-content\/uploads\/2024\/10\/ECN-Contacts.jpg 674w, https:\/\/ecnbusiness.com.br\/en\/wp-content\/uploads\/2024\/10\/ECN-Contacts-300x60.jpg 300w\" sizes=\"(max-width: 674px) 100vw, 674px\" \/>\t\t\t\t\t\t\t\t\t\t\t\t\t\t\t<\/div>\n\t\t\t\t<\/div>\n\t\t\t\t\t<\/div>\n\t\t\t\t<\/div>\n\t\t\t\t<\/div>\n\t\t","protected":false},"excerpt":{"rendered":"<p>CONTACTS CNPJ: 02.321.802\/0001-29 Address: Rua Paulo Olympio Matheus, 61.Condom\u00ednio Portal das Arauc\u00e1riasAraraquara SP. Responsible: Jos\u00e9 An\u00edbal Petraglia \u00a0 16 9 9787 1215\u00a0 16 9 9779 1216 \u00a0 22 9\u00a09261 7227\u00a0 \u00a016 3335 1863 Since 1998 26 years operating in the areas of Consulting and Business. LEARN MORE&#8230; OUR ECN WHAT WE DO MORE INFORMATION PUBLICATIONS<\/p>\n","protected":false},"author":1,"featured_media":0,"parent":0,"menu_order":0,"comment_status":"closed","ping_status":"closed","template":"","meta":{"footnotes":""},"class_list":["post-81","page","type-page","status-publish","hentry"],"yoast_head":"<!-- This site is optimized with the Yoast SEO plugin v27.2 - https:\/\/yoast.com\/product\/yoast-seo-wordpress\/ -->\n<title>CONTACTS - ECN BUSINESS<\/title>\n<meta name=\"robots\" content=\"index, follow, max-snippet:-1, max-image-preview:large, max-video-preview:-1\" \/>\n<link rel=\"canonical\" href=\"https:\/\/ecnbusiness.com.br\/en\/contacts\/\" \/>\n<meta property=\"og:locale\" content=\"pt_BR\" \/>\n<meta property=\"og:type\" content=\"article\" \/>\n<meta property=\"og:title\" content=\"CONTACTS - ECN BUSINESS\" \/>\n<meta property=\"og:description\" content=\"CONTACTS CNPJ: 02.321.802\/0001-29 Address: Rua Paulo Olympio Matheus, 61.Condom\u00ednio Portal das Arauc\u00e1riasAraraquara SP. Responsible: Jos\u00e9 An\u00edbal Petraglia \u00a0 16 9 9787 1215\u00a0 16 9 9779 1216 \u00a0 22 9\u00a09261 7227\u00a0 \u00a016 3335 1863 Since 1998 26 years operating in the areas of Consulting and Business. LEARN MORE&#8230; OUR ECN WHAT WE DO MORE INFORMATION PUBLICATIONS\" \/>\n<meta property=\"og:url\" content=\"https:\/\/ecnbusiness.com.br\/en\/contacts\/\" \/>\n<meta property=\"og:site_name\" content=\"ECN BUSINESS\" \/>\n<meta property=\"article:modified_time\" content=\"2026-03-27T17:13:42+00:00\" \/>\n<meta name=\"twitter:card\" content=\"summary_large_image\" \/>\n<meta name=\"twitter:label1\" content=\"Est. tempo de leitura\" \/>\n\t<meta name=\"twitter:data1\" content=\"2 minutos\" \/>\n<script type=\"application\/ld+json\" class=\"yoast-schema-graph\">{\"@context\":\"https:\/\/schema.org\",\"@graph\":[{\"@type\":\"WebPage\",\"@id\":\"https:\/\/ecnbusiness.com.br\/en\/contacts\/\",\"url\":\"https:\/\/ecnbusiness.com.br\/en\/contacts\/\",\"name\":\"CONTACTS - ECN BUSINESS\",\"isPartOf\":{\"@id\":\"https:\/\/ecnbusiness.com.br\/en\/#website\"},\"primaryImageOfPage\":{\"@id\":\"https:\/\/ecnbusiness.com.br\/en\/contacts\/#primaryimage\"},\"image\":{\"@id\":\"https:\/\/ecnbusiness.com.br\/en\/contacts\/#primaryimage\"},\"thumbnailUrl\":\"https:\/\/ecnbusiness.com.br\/wp-content\/uploads\/2024\/09\/whatsapp-logo-1-300x300.png\",\"datePublished\":\"2024-10-24T08:04:47+00:00\",\"dateModified\":\"2026-03-27T17:13:42+00:00\",\"breadcrumb\":{\"@id\":\"https:\/\/ecnbusiness.com.br\/en\/contacts\/#breadcrumb\"},\"inLanguage\":\"pt-BR\",\"potentialAction\":[{\"@type\":\"ReadAction\",\"target\":[\"https:\/\/ecnbusiness.com.br\/en\/contacts\/\"]}]},{\"@type\":\"ImageObject\",\"inLanguage\":\"pt-BR\",\"@id\":\"https:\/\/ecnbusiness.com.br\/en\/contacts\/#primaryimage\",\"url\":\"https:\/\/ecnbusiness.com.br\/wp-content\/uploads\/2024\/09\/whatsapp-logo-1-300x300.png\",\"contentUrl\":\"https:\/\/ecnbusiness.com.br\/wp-content\/uploads\/2024\/09\/whatsapp-logo-1-300x300.png\"},{\"@type\":\"BreadcrumbList\",\"@id\":\"https:\/\/ecnbusiness.com.br\/en\/contacts\/#breadcrumb\",\"itemListElement\":[{\"@type\":\"ListItem\",\"position\":1,\"name\":\"In\u00edcio\",\"item\":\"https:\/\/ecnbusiness.com.br\/en\/\"},{\"@type\":\"ListItem\",\"position\":2,\"name\":\"CONTACTS\"}]},{\"@type\":\"WebSite\",\"@id\":\"https:\/\/ecnbusiness.com.br\/en\/#website\",\"url\":\"https:\/\/ecnbusiness.com.br\/en\/\",\"name\":\"ECN BUSINESS\",\"description\":\"Consulting and Business Company\",\"publisher\":{\"@id\":\"https:\/\/ecnbusiness.com.br\/en\/#organization\"},\"potentialAction\":[{\"@type\":\"SearchAction\",\"target\":{\"@type\":\"EntryPoint\",\"urlTemplate\":\"https:\/\/ecnbusiness.com.br\/en\/?s={search_term_string}\"},\"query-input\":{\"@type\":\"PropertyValueSpecification\",\"valueRequired\":true,\"valueName\":\"search_term_string\"}}],\"inLanguage\":\"pt-BR\"},{\"@type\":\"Organization\",\"@id\":\"https:\/\/ecnbusiness.com.br\/en\/#organization\",\"name\":\"ECN BUSINESS\",\"url\":\"https:\/\/ecnbusiness.com.br\/en\/\",\"logo\":{\"@type\":\"ImageObject\",\"inLanguage\":\"pt-BR\",\"@id\":\"https:\/\/ecnbusiness.com.br\/en\/#\/schema\/logo\/image\/\",\"url\":\"https:\/\/ecnbusiness.com.br\/en\/wp-content\/uploads\/2024\/10\/ECN-logo-Pq.png\",\"contentUrl\":\"https:\/\/ecnbusiness.com.br\/en\/wp-content\/uploads\/2024\/10\/ECN-logo-Pq.png\",\"width\":200,\"height\":85,\"caption\":\"ECN BUSINESS\"},\"image\":{\"@id\":\"https:\/\/ecnbusiness.com.br\/en\/#\/schema\/logo\/image\/\"},\"sameAs\":[\"https:\/\/www.linkedin.com\/in\/jos-anbal-petrglia-023663252\/\",\"https:\/\/www.youtube.com\/@joseanibalpetraglia\"]}]}<\/script>\n<!-- \/ Yoast SEO plugin. -->","yoast_head_json":{"title":"CONTACTS - ECN BUSINESS","robots":{"index":"index","follow":"follow","max-snippet":"max-snippet:-1","max-image-preview":"max-image-preview:large","max-video-preview":"max-video-preview:-1"},"canonical":"https:\/\/ecnbusiness.com.br\/en\/contacts\/","og_locale":"pt_BR","og_type":"article","og_title":"CONTACTS - ECN BUSINESS","og_description":"CONTACTS CNPJ: 02.321.802\/0001-29 Address: Rua Paulo Olympio Matheus, 61.Condom\u00ednio Portal das Arauc\u00e1riasAraraquara SP. Responsible: Jos\u00e9 An\u00edbal Petraglia \u00a0 16 9 9787 1215\u00a0 16 9 9779 1216 \u00a0 22 9\u00a09261 7227\u00a0 \u00a016 3335 1863 Since 1998 26 years operating in the areas of Consulting and Business. LEARN MORE&#8230; OUR ECN WHAT WE DO MORE INFORMATION PUBLICATIONS","og_url":"https:\/\/ecnbusiness.com.br\/en\/contacts\/","og_site_name":"ECN BUSINESS","article_modified_time":"2026-03-27T17:13:42+00:00","twitter_card":"summary_large_image","twitter_misc":{"Est. tempo de leitura":"2 minutos"},"schema":{"@context":"https:\/\/schema.org","@graph":[{"@type":"WebPage","@id":"https:\/\/ecnbusiness.com.br\/en\/contacts\/","url":"https:\/\/ecnbusiness.com.br\/en\/contacts\/","name":"CONTACTS - ECN BUSINESS","isPartOf":{"@id":"https:\/\/ecnbusiness.com.br\/en\/#website"},"primaryImageOfPage":{"@id":"https:\/\/ecnbusiness.com.br\/en\/contacts\/#primaryimage"},"image":{"@id":"https:\/\/ecnbusiness.com.br\/en\/contacts\/#primaryimage"},"thumbnailUrl":"https:\/\/ecnbusiness.com.br\/wp-content\/uploads\/2024\/09\/whatsapp-logo-1-300x300.png","datePublished":"2024-10-24T08:04:47+00:00","dateModified":"2026-03-27T17:13:42+00:00","breadcrumb":{"@id":"https:\/\/ecnbusiness.com.br\/en\/contacts\/#breadcrumb"},"inLanguage":"pt-BR","potentialAction":[{"@type":"ReadAction","target":["https:\/\/ecnbusiness.com.br\/en\/contacts\/"]}]},{"@type":"ImageObject","inLanguage":"pt-BR","@id":"https:\/\/ecnbusiness.com.br\/en\/contacts\/#primaryimage","url":"https:\/\/ecnbusiness.com.br\/wp-content\/uploads\/2024\/09\/whatsapp-logo-1-300x300.png","contentUrl":"https:\/\/ecnbusiness.com.br\/wp-content\/uploads\/2024\/09\/whatsapp-logo-1-300x300.png"},{"@type":"BreadcrumbList","@id":"https:\/\/ecnbusiness.com.br\/en\/contacts\/#breadcrumb","itemListElement":[{"@type":"ListItem","position":1,"name":"In\u00edcio","item":"https:\/\/ecnbusiness.com.br\/en\/"},{"@type":"ListItem","position":2,"name":"CONTACTS"}]},{"@type":"WebSite","@id":"https:\/\/ecnbusiness.com.br\/en\/#website","url":"https:\/\/ecnbusiness.com.br\/en\/","name":"ECN BUSINESS","description":"Consulting and Business Company","publisher":{"@id":"https:\/\/ecnbusiness.com.br\/en\/#organization"},"potentialAction":[{"@type":"SearchAction","target":{"@type":"EntryPoint","urlTemplate":"https:\/\/ecnbusiness.com.br\/en\/?s={search_term_string}"},"query-input":{"@type":"PropertyValueSpecification","valueRequired":true,"valueName":"search_term_string"}}],"inLanguage":"pt-BR"},{"@type":"Organization","@id":"https:\/\/ecnbusiness.com.br\/en\/#organization","name":"ECN BUSINESS","url":"https:\/\/ecnbusiness.com.br\/en\/","logo":{"@type":"ImageObject","inLanguage":"pt-BR","@id":"https:\/\/ecnbusiness.com.br\/en\/#\/schema\/logo\/image\/","url":"https:\/\/ecnbusiness.com.br\/en\/wp-content\/uploads\/2024\/10\/ECN-logo-Pq.png","contentUrl":"https:\/\/ecnbusiness.com.br\/en\/wp-content\/uploads\/2024\/10\/ECN-logo-Pq.png","width":200,"height":85,"caption":"ECN BUSINESS"},"image":{"@id":"https:\/\/ecnbusiness.com.br\/en\/#\/schema\/logo\/image\/"},"sameAs":["https:\/\/www.linkedin.com\/in\/jos-anbal-petrglia-023663252\/","https:\/\/www.youtube.com\/@joseanibalpetraglia"]}]}},"_links":{"self":[{"href":"https:\/\/ecnbusiness.com.br\/en\/wp-json\/wp\/v2\/pages\/81","targetHints":{"allow":["GET"]}}],"collection":[{"href":"https:\/\/ecnbusiness.com.br\/en\/wp-json\/wp\/v2\/pages"}],"about":[{"href":"https:\/\/ecnbusiness.com.br\/en\/wp-json\/wp\/v2\/types\/page"}],"author":[{"embeddable":true,"href":"https:\/\/ecnbusiness.com.br\/en\/wp-json\/wp\/v2\/users\/1"}],"replies":[{"embeddable":true,"href":"https:\/\/ecnbusiness.com.br\/en\/wp-json\/wp\/v2\/comments?post=81"}],"version-history":[{"count":22,"href":"https:\/\/ecnbusiness.com.br\/en\/wp-json\/wp\/v2\/pages\/81\/revisions"}],"predecessor-version":[{"id":277,"href":"https:\/\/ecnbusiness.com.br\/en\/wp-json\/wp\/v2\/pages\/81\/revisions\/277"}],"wp:attachment":[{"href":"https:\/\/ecnbusiness.com.br\/en\/wp-json\/wp\/v2\/media?parent=81"}],"curies":[{"name":"wp","href":"https:\/\/api.w.org\/{rel}","templated":true}]}}